{"id":1109,"date":"2023-09-27T09:22:36","date_gmt":"2023-09-27T09:22:36","guid":{"rendered":"https:\/\/themexriver.com\/wp\/trakirna-wp\/?page_id=1109"},"modified":"2025-07-21T20:30:00","modified_gmt":"2025-07-21T20:30:00","slug":"ugyfeleink","status":"publish","type":"page","link":"https:\/\/union-trade.hu\/de\/ugyfeleink\/","title":{"rendered":"Kunden"},"content":{"rendered":"<div data-elementor-type=\"wp-page\" data-elementor-id=\"1109\" class=\"elementor elementor-1109\">\n\t\t\t\t<div class=\"elementor-element elementor-element-b1765eb e-flex e-con-boxed e-con e-parent\" data-id=\"b1765eb\" data-element_type=\"container\">\n\t\t\t\t\t<div class=\"e-con-inner\">\n\t\t\t\t<div class=\"elementor-element elementor-element-9159201 elementor-widget elementor-widget-section_heading elh-el section_heading\" data-id=\"9159201\" data-element_type=\"widget\" data-settings=\"{&quot;design_style&quot;:&quot;style_1&quot;}\" data-widget_type=\"section_heading.default\">\n\t\t\t\t<div class=\"elementor-widget-container\">\n\t\t\t\t\t<div class=\"sec-title tx-sectionHeading\">\r\n    <div class=\"tx-suibTitle-wrapper\">\r\n                        <div class=\"sec-title_title home-5-subtitle  tx-subTitle tx-split-text split-in-right\">\r\n                    <\/div>\r\n            <\/div>\r\n    <h2 class=\"sec-title_heading home-5-title tx-title tx-split-text split-in-right\">Kunden<\/h2>\r\n        <p class=\"sec-title_text\">\r\n        Wir genie\u00dfen seit mehr als 25 Jahren das Vertrauen unserer Kunden und sind sehr stolz darauf. All unsere Bestrebungen zielen darauf ab, auch mit den sp\u00e4ter hinzukommenden Partnern eine \u00e4hnlich langfristige Zusammenarbeit aufzubauen.<br><br>Typischerweise stammen unsere Kunden aus dem deutschsprachigen Raum. Es handelt sich um Unternehmen, die f\u00fcr ihre Qualit\u00e4t und Zuverl\u00e4ssigkeit bekannt sind und mit denen heute ein gemeinsames Denken im Vordergrund steht. Dadurch verstehen wir ihre Ziele besser und k\u00f6nnen ihre Bed\u00fcrfnisse optimaler erf\u00fcllen.\n<br><br>\nNat\u00fcrlich treibt uns dasselbe Bestreben auch bei unseren ungarischen Kunden an. So kann man sagen, dass es in Ungarn kaum einen bedeutenden Schuhhersteller gibt, der die in unserem Programm enthaltenen Bauteile nicht von uns bezieht.    <\/p>\r\n    <\/div>\t\t\t\t<\/div>\n\t\t\t\t<\/div>\n\t\t<div class=\"elementor-element elementor-element-09dc6bd e-con-full e-flex e-con e-child\" data-id=\"09dc6bd\" data-element_type=\"container\">\n\t\t<div class=\"elementor-element elementor-element-af94750 e-con-full e-flex e-con e-child\" data-id=\"af94750\" data-element_type=\"container\">\n\t\t\t\t<div class=\"elementor-element elementor-element-cb40a3a elementor-widget elementor-widget-image\" data-id=\"cb40a3a\" data-element_type=\"widget\" data-widget_type=\"image.default\">\n\t\t\t\t<div class=\"elementor-widget-container\">\n\t\t\t\t\t\t\t\t\t\t\t\t\t\t\t<img fetchpriority=\"high\" decoding=\"async\" width=\"300\" height=\"263\" src=\"https:\/\/union-trade.hu\/wp-content\/uploads\/2025\/07\/Baltes_Logo.png\" class=\"attachment-large size-large wp-image-2430\" alt=\"\" \/>\t\t\t\t\t\t\t\t\t\t\t\t\t\t\t<\/div>\n\t\t\t\t<\/div>\n\t\t\t\t<\/div>\n\t\t<div class=\"elementor-element elementor-element-a6acd61 e-con-full e-flex e-con e-child\" data-id=\"a6acd61\" data-element_type=\"container\">\n\t\t\t\t<div class=\"elementor-element elementor-element-fb101ea elementor-widget elementor-widget-image\" data-id=\"fb101ea\" data-element_type=\"widget\" data-widget_type=\"image.default\">\n\t\t\t\t<div class=\"elementor-widget-container\">\n\t\t\t\t\t\t\t\t\t\t\t\t\t\t\t<img decoding=\"async\" width=\"500\" height=\"113\" src=\"https:\/\/union-trade.hu\/wp-content\/uploads\/2025\/07\/Berkemann.png\" class=\"attachment-large size-large wp-image-2431\" alt=\"\" srcset=\"https:\/\/union-trade.hu\/wp-content\/uploads\/2025\/07\/Berkemann.png 500w, https:\/\/union-trade.hu\/wp-content\/uploads\/2025\/07\/Berkemann-300x68.png 300w\" sizes=\"(max-width: 500px) 100vw, 500px\" \/>\t\t\t\t\t\t\t\t\t\t\t\t\t\t\t<\/div>\n\t\t\t\t<\/div>\n\t\t\t\t<\/div>\n\t\t<div class=\"elementor-element elementor-element-5e119af e-con-full e-flex e-con e-child\" data-id=\"5e119af\" data-element_type=\"container\">\n\t\t\t\t<div class=\"elementor-element elementor-element-128cdec elementor-widget elementor-widget-image\" data-id=\"128cdec\" data-element_type=\"widget\" data-widget_type=\"image.default\">\n\t\t\t\t<div class=\"elementor-widget-container\">\n\t\t\t\t\t\t\t\t\t\t\t\t\t\t\t<img decoding=\"async\" width=\"139\" height=\"34\" src=\"https:\/\/union-trade.hu\/wp-content\/uploads\/2025\/07\/Ganter.png\" class=\"attachment-large size-large wp-image-2432\" alt=\"\" \/>\t\t\t\t\t\t\t\t\t\t\t\t\t\t\t<\/div>\n\t\t\t\t<\/div>\n\t\t\t\t<\/div>\n\t\t<div class=\"elementor-element elementor-element-0742b14 e-con-full e-flex e-con e-child\" data-id=\"0742b14\" data-element_type=\"container\">\n\t\t\t\t<div class=\"elementor-element elementor-element-cf5799c elementor-widget elementor-widget-image\" data-id=\"cf5799c\" data-element_type=\"widget\" data-widget_type=\"image.default\">\n\t\t\t\t<div class=\"elementor-widget-container\">\n\t\t\t\t\t\t\t\t\t\t\t\t\t\t\t<img loading=\"lazy\" decoding=\"async\" width=\"122\" height=\"28\" src=\"https:\/\/union-trade.hu\/wp-content\/uploads\/2025\/07\/Hartjes.png\" class=\"attachment-large size-large wp-image-2433\" alt=\"\" \/>\t\t\t\t\t\t\t\t\t\t\t\t\t\t\t<\/div>\n\t\t\t\t<\/div>\n\t\t\t\t<\/div>\n\t\t<div class=\"elementor-element elementor-element-6dd3469 e-con-full e-flex e-con e-child\" data-id=\"6dd3469\" data-element_type=\"container\">\n\t\t\t\t<div class=\"elementor-element elementor-element-6523de1 elementor-widget elementor-widget-image\" data-id=\"6523de1\" data-element_type=\"widget\" data-widget_type=\"image.default\">\n\t\t\t\t<div class=\"elementor-widget-container\">\n\t\t\t\t\t\t\t\t\t\t\t\t\t\t\t<img loading=\"lazy\" decoding=\"async\" width=\"500\" height=\"142\" src=\"https:\/\/union-trade.hu\/wp-content\/uploads\/2025\/07\/hassia.png\" class=\"attachment-large size-large wp-image-2434\" alt=\"\" srcset=\"https:\/\/union-trade.hu\/wp-content\/uploads\/2025\/07\/hassia.png 500w, https:\/\/union-trade.hu\/wp-content\/uploads\/2025\/07\/hassia-300x85.png 300w\" sizes=\"(max-width: 500px) 100vw, 500px\" \/>\t\t\t\t\t\t\t\t\t\t\t\t\t\t\t<\/div>\n\t\t\t\t<\/div>\n\t\t\t\t<\/div>\n\t\t\t\t<\/div>\n\t\t<div class=\"elementor-element elementor-element-2cdef30 e-con-full e-flex e-con e-child\" data-id=\"2cdef30\" data-element_type=\"container\">\n\t\t<div class=\"elementor-element elementor-element-b21f806 e-con-full e-flex e-con e-child\" data-id=\"b21f806\" data-element_type=\"container\">\n\t\t\t\t<div class=\"elementor-element elementor-element-c7dd1c2 elementor-widget elementor-widget-image\" data-id=\"c7dd1c2\" data-element_type=\"widget\" data-widget_type=\"image.default\">\n\t\t\t\t<div class=\"elementor-widget-container\">\n\t\t\t\t\t\t\t\t\t\t\t\t\t\t\t<img loading=\"lazy\" decoding=\"async\" width=\"500\" height=\"288\" src=\"https:\/\/union-trade.hu\/wp-content\/uploads\/2025\/07\/hd_logo_large_black.png\" class=\"attachment-large size-large wp-image-2435\" alt=\"\" srcset=\"https:\/\/union-trade.hu\/wp-content\/uploads\/2025\/07\/hd_logo_large_black.png 500w, https:\/\/union-trade.hu\/wp-content\/uploads\/2025\/07\/hd_logo_large_black-300x173.png 300w\" sizes=\"(max-width: 500px) 100vw, 500px\" \/>\t\t\t\t\t\t\t\t\t\t\t\t\t\t\t<\/div>\n\t\t\t\t<\/div>\n\t\t\t\t<\/div>\n\t\t<div class=\"elementor-element elementor-element-74212f6 e-con-full e-flex e-con e-child\" data-id=\"74212f6\" data-element_type=\"container\">\n\t\t\t\t<div class=\"elementor-element elementor-element-669602b elementor-widget elementor-widget-image\" data-id=\"669602b\" data-element_type=\"widget\" data-widget_type=\"image.default\">\n\t\t\t\t<div class=\"elementor-widget-container\">\n\t\t\t\t\t\t\t\t\t\t\t\t\t\t\t<img loading=\"lazy\" decoding=\"async\" width=\"89\" height=\"38\" src=\"https:\/\/union-trade.hu\/wp-content\/uploads\/2025\/07\/Hogl.png\" class=\"attachment-large size-large wp-image-2436\" alt=\"\" \/>\t\t\t\t\t\t\t\t\t\t\t\t\t\t\t<\/div>\n\t\t\t\t<\/div>\n\t\t\t\t<\/div>\n\t\t<div class=\"elementor-element elementor-element-200a0bc e-con-full e-flex e-con e-child\" data-id=\"200a0bc\" data-element_type=\"container\">\n\t\t\t\t<div class=\"elementor-element elementor-element-1a8ba2b elementor-widget elementor-widget-image\" data-id=\"1a8ba2b\" data-element_type=\"widget\" data-widget_type=\"image.default\">\n\t\t\t\t<div class=\"elementor-widget-container\">\n\t\t\t\t\t\t\t\t\t\t\t\t\t\t\t<img loading=\"lazy\" decoding=\"async\" width=\"244\" height=\"46\" src=\"https:\/\/union-trade.hu\/wp-content\/uploads\/2025\/07\/Ipoly_Logo.png\" class=\"attachment-large size-large wp-image-2437\" alt=\"\" \/>\t\t\t\t\t\t\t\t\t\t\t\t\t\t\t<\/div>\n\t\t\t\t<\/div>\n\t\t\t\t<\/div>\n\t\t<div class=\"elementor-element elementor-element-df86cab e-con-full e-flex e-con e-child\" data-id=\"df86cab\" data-element_type=\"container\">\n\t\t\t\t<div class=\"elementor-element elementor-element-2741904 elementor-widget elementor-widget-image\" data-id=\"2741904\" data-element_type=\"widget\" data-widget_type=\"image.default\">\n\t\t\t\t<div class=\"elementor-widget-container\">\n\t\t\t\t\t\t\t\t\t\t\t\t\t\t\t<img loading=\"lazy\" decoding=\"async\" width=\"120\" height=\"28\" src=\"https:\/\/union-trade.hu\/wp-content\/uploads\/2025\/07\/Legero.png\" class=\"attachment-large size-large wp-image-2438\" alt=\"\" \/>\t\t\t\t\t\t\t\t\t\t\t\t\t\t\t<\/div>\n\t\t\t\t<\/div>\n\t\t\t\t<\/div>\n\t\t<div class=\"elementor-element elementor-element-8291561 e-con-full e-flex e-con e-child\" data-id=\"8291561\" data-element_type=\"container\">\n\t\t\t\t<div class=\"elementor-element elementor-element-5adce87 elementor-widget elementor-widget-image\" data-id=\"5adce87\" data-element_type=\"widget\" data-widget_type=\"image.default\">\n\t\t\t\t<div class=\"elementor-widget-container\">\n\t\t\t\t\t\t\t\t\t\t\t\t\t\t\t<img loading=\"lazy\" decoding=\"async\" width=\"141\" height=\"28\" src=\"https:\/\/union-trade.hu\/wp-content\/uploads\/2025\/07\/Lloyd.png\" class=\"attachment-large size-large wp-image-2439\" alt=\"\" \/>\t\t\t\t\t\t\t\t\t\t\t\t\t\t\t<\/div>\n\t\t\t\t<\/div>\n\t\t\t\t<\/div>\n\t\t\t\t<\/div>\n\t\t<div class=\"elementor-element elementor-element-f0b197e e-con-full e-flex e-con e-child\" data-id=\"f0b197e\" data-element_type=\"container\">\n\t\t<div class=\"elementor-element elementor-element-d6803cc e-con-full e-flex e-con e-child\" data-id=\"d6803cc\" data-element_type=\"container\">\n\t\t\t\t<div class=\"elementor-element elementor-element-ba4126c elementor-widget elementor-widget-image\" data-id=\"ba4126c\" data-element_type=\"widget\" data-widget_type=\"image.default\">\n\t\t\t\t<div class=\"elementor-widget-container\">\n\t\t\t\t\t\t\t\t\t\t\t\t\t\t\t<img loading=\"lazy\" decoding=\"async\" width=\"315\" height=\"37\" src=\"https:\/\/union-trade.hu\/wp-content\/uploads\/2025\/07\/logo-kennelenschmenger2.png\" class=\"attachment-large size-large wp-image-2440\" alt=\"\" srcset=\"https:\/\/union-trade.hu\/wp-content\/uploads\/2025\/07\/logo-kennelenschmenger2.png 315w, https:\/\/union-trade.hu\/wp-content\/uploads\/2025\/07\/logo-kennelenschmenger2-300x35.png 300w\" sizes=\"(max-width: 315px) 100vw, 315px\" \/>\t\t\t\t\t\t\t\t\t\t\t\t\t\t\t<\/div>\n\t\t\t\t<\/div>\n\t\t\t\t<\/div>\n\t\t<div class=\"elementor-element elementor-element-e417209 e-con-full e-flex e-con e-child\" data-id=\"e417209\" data-element_type=\"container\">\n\t\t\t\t<div class=\"elementor-element elementor-element-3499368 elementor-widget elementor-widget-image\" data-id=\"3499368\" data-element_type=\"widget\" data-widget_type=\"image.default\">\n\t\t\t\t<div class=\"elementor-widget-container\">\n\t\t\t\t\t\t\t\t\t\t\t\t\t\t\t<img loading=\"lazy\" decoding=\"async\" width=\"500\" height=\"112\" src=\"https:\/\/union-trade.hu\/wp-content\/uploads\/2025\/07\/LOWAlogo.png\" class=\"attachment-large size-large wp-image-2441\" alt=\"\" srcset=\"https:\/\/union-trade.hu\/wp-content\/uploads\/2025\/07\/LOWAlogo.png 500w, https:\/\/union-trade.hu\/wp-content\/uploads\/2025\/07\/LOWAlogo-300x67.png 300w\" sizes=\"(max-width: 500px) 100vw, 500px\" \/>\t\t\t\t\t\t\t\t\t\t\t\t\t\t\t<\/div>\n\t\t\t\t<\/div>\n\t\t\t\t<\/div>\n\t\t<div class=\"elementor-element elementor-element-085ca85 e-con-full e-flex e-con e-child\" data-id=\"085ca85\" data-element_type=\"container\">\n\t\t\t\t<div class=\"elementor-element elementor-element-92e7b75 elementor-widget elementor-widget-image\" data-id=\"92e7b75\" data-element_type=\"widget\" data-widget_type=\"image.default\">\n\t\t\t\t<div class=\"elementor-widget-container\">\n\t\t\t\t\t\t\t\t\t\t\t\t\t\t\t<img loading=\"lazy\" decoding=\"async\" width=\"420\" height=\"118\" src=\"https:\/\/union-trade.hu\/wp-content\/uploads\/2025\/07\/Meindl.png\" class=\"attachment-large size-large wp-image-2442\" alt=\"\" srcset=\"https:\/\/union-trade.hu\/wp-content\/uploads\/2025\/07\/Meindl.png 420w, https:\/\/union-trade.hu\/wp-content\/uploads\/2025\/07\/Meindl-300x84.png 300w\" sizes=\"(max-width: 420px) 100vw, 420px\" \/>\t\t\t\t\t\t\t\t\t\t\t\t\t\t\t<\/div>\n\t\t\t\t<\/div>\n\t\t\t\t<\/div>\n\t\t<div class=\"elementor-element elementor-element-d403c61 e-con-full e-flex e-con e-child\" data-id=\"d403c61\" data-element_type=\"container\">\n\t\t\t\t<div class=\"elementor-element elementor-element-895c9f7 elementor-widget elementor-widget-image\" data-id=\"895c9f7\" data-element_type=\"widget\" data-widget_type=\"image.default\">\n\t\t\t\t<div class=\"elementor-widget-container\">\n\t\t\t\t\t\t\t\t\t\t\t\t\t\t\t<img loading=\"lazy\" decoding=\"async\" width=\"175\" height=\"34\" src=\"https:\/\/union-trade.hu\/wp-content\/uploads\/2025\/07\/Ricosta.png\" class=\"attachment-large size-large wp-image-2443\" alt=\"\" \/>\t\t\t\t\t\t\t\t\t\t\t\t\t\t\t<\/div>\n\t\t\t\t<\/div>\n\t\t\t\t<\/div>\n\t\t<div class=\"elementor-element elementor-element-78d00b7 e-con-full e-flex e-con e-child\" data-id=\"78d00b7\" data-element_type=\"container\">\n\t\t\t\t<div class=\"elementor-element elementor-element-e2cfa02 elementor-widget elementor-widget-image\" data-id=\"e2cfa02\" data-element_type=\"widget\" data-widget_type=\"image.default\">\n\t\t\t\t<div class=\"elementor-widget-container\">\n\t\t\t\t\t\t\t\t\t\t\t\t\t\t\t<img loading=\"lazy\" decoding=\"async\" width=\"241\" height=\"118\" src=\"https:\/\/union-trade.hu\/wp-content\/uploads\/2025\/07\/Rieker.png\" class=\"attachment-large size-large wp-image-2444\" alt=\"\" \/>\t\t\t\t\t\t\t\t\t\t\t\t\t\t\t<\/div>\n\t\t\t\t<\/div>\n\t\t\t\t<\/div>\n\t\t\t\t<\/div>\n\t\t<div class=\"elementor-element elementor-element-9cc75a7 e-con-full e-flex e-con e-child\" data-id=\"9cc75a7\" data-element_type=\"container\">\n\t\t<div class=\"elementor-element elementor-element-ec70dd4 e-con-full e-flex e-con e-child\" data-id=\"ec70dd4\" data-element_type=\"container\">\n\t\t\t\t<div class=\"elementor-element elementor-element-197929e elementor-widget elementor-widget-image\" data-id=\"197929e\" data-element_type=\"widget\" data-widget_type=\"image.default\">\n\t\t\t\t<div class=\"elementor-widget-container\">\n\t\t\t\t\t\t\t\t\t\t\t\t\t\t\t<img loading=\"lazy\" decoding=\"async\" width=\"500\" height=\"118\" src=\"https:\/\/union-trade.hu\/wp-content\/uploads\/2025\/07\/Rukapol.png\" class=\"attachment-large size-large wp-image-2445\" alt=\"\" srcset=\"https:\/\/union-trade.hu\/wp-content\/uploads\/2025\/07\/Rukapol.png 500w, https:\/\/union-trade.hu\/wp-content\/uploads\/2025\/07\/Rukapol-300x71.png 300w\" sizes=\"(max-width: 500px) 100vw, 500px\" \/>\t\t\t\t\t\t\t\t\t\t\t\t\t\t\t<\/div>\n\t\t\t\t<\/div>\n\t\t\t\t<\/div>\n\t\t<div class=\"elementor-element elementor-element-c9dfebb e-con-full e-flex e-con e-child\" data-id=\"c9dfebb\" data-element_type=\"container\">\n\t\t\t\t<div class=\"elementor-element elementor-element-c01d61c elementor-widget elementor-widget-image\" data-id=\"c01d61c\" data-element_type=\"widget\" data-widget_type=\"image.default\">\n\t\t\t\t<div class=\"elementor-widget-container\">\n\t\t\t\t\t\t\t\t\t\t\t\t\t\t\t<img loading=\"lazy\" decoding=\"async\" width=\"113\" height=\"45\" src=\"https:\/\/union-trade.hu\/wp-content\/uploads\/2025\/07\/Semler.png\" class=\"attachment-large size-large wp-image-2446\" alt=\"\" \/>\t\t\t\t\t\t\t\t\t\t\t\t\t\t\t<\/div>\n\t\t\t\t<\/div>\n\t\t\t\t<\/div>\n\t\t<div class=\"elementor-element elementor-element-a600fca e-con-full e-flex e-con e-child\" data-id=\"a600fca\" data-element_type=\"container\">\n\t\t\t\t<div class=\"elementor-element elementor-element-bde45dc elementor-widget elementor-widget-image\" data-id=\"bde45dc\" data-element_type=\"widget\" data-widget_type=\"image.default\">\n\t\t\t\t<div class=\"elementor-widget-container\">\n\t\t\t\t\t\t\t\t\t\t\t\t\t\t\t<img loading=\"lazy\" decoding=\"async\" width=\"132\" height=\"28\" src=\"https:\/\/union-trade.hu\/wp-content\/uploads\/2025\/07\/Shucube.png\" class=\"attachment-large size-large wp-image-2447\" alt=\"\" \/>\t\t\t\t\t\t\t\t\t\t\t\t\t\t\t<\/div>\n\t\t\t\t<\/div>\n\t\t\t\t<\/div>\n\t\t<div class=\"elementor-element elementor-element-ad59102 e-con-full e-flex e-con e-child\" data-id=\"ad59102\" data-element_type=\"container\">\n\t\t\t\t<div class=\"elementor-element elementor-element-d719243 elementor-widget elementor-widget-image\" data-id=\"d719243\" data-element_type=\"widget\" data-widget_type=\"image.default\">\n\t\t\t\t<div class=\"elementor-widget-container\">\n\t\t\t\t\t\t\t\t\t\t\t\t\t\t\t<img loading=\"lazy\" decoding=\"async\" width=\"104\" height=\"34\" src=\"https:\/\/union-trade.hu\/wp-content\/uploads\/2025\/07\/Stadler.png\" class=\"attachment-large size-large wp-image-2448\" alt=\"\" srcset=\"https:\/\/union-trade.hu\/wp-content\/uploads\/2025\/07\/Stadler.png 104w, https:\/\/union-trade.hu\/wp-content\/uploads\/2025\/07\/Stadler-100x34.png 100w\" sizes=\"(max-width: 104px) 100vw, 104px\" \/>\t\t\t\t\t\t\t\t\t\t\t\t\t\t\t<\/div>\n\t\t\t\t<\/div>\n\t\t\t\t<\/div>\n\t\t<div class=\"elementor-element elementor-element-5308838 e-con-full e-flex e-con e-child\" data-id=\"5308838\" data-element_type=\"container\">\n\t\t\t\t<div class=\"elementor-element elementor-element-98ba4af elementor-widget elementor-widget-image\" data-id=\"98ba4af\" data-element_type=\"widget\" data-widget_type=\"image.default\">\n\t\t\t\t<div class=\"elementor-widget-container\">\n\t\t\t\t\t\t\t\t\t\t\t\t\t\t\t<img loading=\"lazy\" decoding=\"async\" width=\"111\" height=\"34\" src=\"https:\/\/union-trade.hu\/wp-content\/uploads\/2025\/07\/Think.png\" class=\"attachment-large size-large wp-image-2449\" alt=\"\" \/>\t\t\t\t\t\t\t\t\t\t\t\t\t\t\t<\/div>\n\t\t\t\t<\/div>\n\t\t\t\t<\/div>\n\t\t\t\t<\/div>\n\t\t<div class=\"elementor-element elementor-element-82f0996 e-con-full e-flex e-con e-child\" data-id=\"82f0996\" data-element_type=\"container\">\n\t\t<div class=\"elementor-element elementor-element-6a7ab4d e-con-full e-flex e-con e-child\" data-id=\"6a7ab4d\" data-element_type=\"container\">\n\t\t\t\t<div class=\"elementor-element elementor-element-7962c26 elementor-widget elementor-widget-image\" data-id=\"7962c26\" data-element_type=\"widget\" data-widget_type=\"image.default\">\n\t\t\t\t<div class=\"elementor-widget-container\">\n\t\t\t\t\t\t\t\t\t\t\t\t\t\t\t<img loading=\"lazy\" decoding=\"async\" width=\"140\" height=\"34\" src=\"https:\/\/union-trade.hu\/wp-content\/uploads\/2025\/07\/Waldlaeufer.png\" class=\"attachment-large size-large wp-image-2450\" alt=\"\" \/>\t\t\t\t\t\t\t\t\t\t\t\t\t\t\t<\/div>\n\t\t\t\t<\/div>\n\t\t\t\t<\/div>\n\t\t<div class=\"elementor-element elementor-element-b2d42bd e-con-full e-flex e-con e-child\" data-id=\"b2d42bd\" data-element_type=\"container\">\n\t\t\t\t<\/div>\n\t\t<div class=\"elementor-element elementor-element-6f49bfb e-con-full e-flex e-con e-child\" data-id=\"6f49bfb\" data-element_type=\"container\">\n\t\t\t\t<\/div>\n\t\t<div class=\"elementor-element elementor-element-b0c2a75 e-con-full e-flex e-con e-child\" data-id=\"b0c2a75\" data-element_type=\"container\">\n\t\t\t\t<\/div>\n\t\t<div class=\"elementor-element elementor-element-dee908a e-con-full e-flex e-con e-child\" data-id=\"dee908a\" data-element_type=\"container\">\n\t\t\t\t<\/div>\n\t\t\t\t<\/div>\n\t\t\t\t\t<\/div>\n\t\t\t\t<\/div>\n\t\t\t\t<\/div>","protected":false},"excerpt":{"rendered":"<p>\u00dcgyfeleink \u00dcgyfeleink bizalm\u00e1t t\u00f6bb mint 25 \u00e9ve \u00e9lvezz\u00fck \u00e9s erre nagyon b\u00fcszk\u00e9k vagyunk. Minden t\u00f6rekv\u00e9s\u00fcnk arra ir\u00e1nyul, hogy a k\u00e9s\u0151bb csatlakoz\u00f3kkal is hasonl\u00f3 hossz\u00fa t\u00e1v\u00fa egy\u00fcttm\u0171k\u00f6d\u00e9s alakuljon ki. Jellemz\u0151en a n\u00e9met anyanyelv\u0171 ter\u00fcletr\u0151l sz\u00e1rmaznak vev\u0151ink. Min\u0151s\u00e9g\u00fckr\u0151l \u00e9s megb\u00edzhat\u00f3s\u00e1gukr\u00f3l ismert c\u00e9gek, melyekkel ma m\u00e1r az egy\u00fcttgondolkod\u00e1s a jellemz\u0151, \u00edgy mi is jobban meg\u00e9rtj\u00fck c\u00e9ljaikat \u00e9s jobban [&hellip;]<\/p>","protected":false},"author":1,"featured_media":0,"parent":0,"menu_order":0,"comment_status":"closed","ping_status":"closed","template":"elementor_header_footer","meta":{"inline_featured_image":false,"footnotes":""},"class_list":["post-1109","page","type-page","status-publish","hentry"],"_links":{"self":[{"href":"https:\/\/union-trade.hu\/de\/wp-json\/wp\/v2\/pages\/1109","targetHints":{"allow":["GET"]}}],"collection":[{"href":"https:\/\/union-trade.hu\/de\/wp-json\/wp\/v2\/pages"}],"about":[{"href":"https:\/\/union-trade.hu\/de\/wp-json\/wp\/v2\/types\/page"}],"author":[{"embeddable":true,"href":"https:\/\/union-trade.hu\/de\/wp-json\/wp\/v2\/users\/1"}],"replies":[{"embeddable":true,"href":"https:\/\/union-trade.hu\/de\/wp-json\/wp\/v2\/comments?post=1109"}],"version-history":[{"count":5,"href":"https:\/\/union-trade.hu\/de\/wp-json\/wp\/v2\/pages\/1109\/revisions"}],"predecessor-version":[{"id":2470,"href":"https:\/\/union-trade.hu\/de\/wp-json\/wp\/v2\/pages\/1109\/revisions\/2470"}],"wp:attachment":[{"href":"https:\/\/union-trade.hu\/de\/wp-json\/wp\/v2\/media?parent=1109"}],"curies":[{"name":"wp","href":"https:\/\/api.w.org\/{rel}","templated":true}]}}