{"id":2265,"date":"2023-09-16T17:02:53","date_gmt":"2023-09-16T17:02:53","guid":{"rendered":"https:\/\/themexriver.com\/wp\/trakirna-wp\/?page_id=30"},"modified":"2025-07-21T20:24:02","modified_gmt":"2025-07-21T20:24:02","slug":"rolunk","status":"publish","type":"page","link":"https:\/\/union-trade.hu\/de\/rolunk\/","title":{"rendered":"\u00dcber uns"},"content":{"rendered":"<div data-elementor-type=\"wp-page\" data-elementor-id=\"2265\" class=\"elementor elementor-2265\">\n\t\t\t\t\t\t<section class=\"elementor-section elementor-top-section elementor-element elementor-element-993834b elementor-section-full_width elementor-section-height-default elementor-section-height-default\" data-id=\"993834b\" data-element_type=\"section\">\n\t\t\t\t\t\t<div class=\"elementor-container elementor-column-gap-default\">\n\t\t\t\t\t<div class=\"elementor-column elementor-col-100 elementor-top-column elementor-element elementor-element-c2dc126\" data-id=\"c2dc126\" data-element_type=\"column\">\n\t\t\t<div class=\"elementor-widget-wrap elementor-element-populated\">\n\t\t\t\t\t\t<section class=\"elementor-section elementor-inner-section elementor-element elementor-element-3438bad elementor-section-full_width elementor-section-height-default elementor-section-height-default\" data-id=\"3438bad\" data-element_type=\"section\">\n\t\t\t\t\t\t<div class=\"elementor-container elementor-column-gap-default\">\n\t\t\t\t\t<div class=\"elementor-column elementor-col-100 elementor-inner-column elementor-element elementor-element-54379b4\" data-id=\"54379b4\" data-element_type=\"column\">\n\t\t\t<div class=\"elementor-widget-wrap elementor-element-populated\">\n\t\t\t\t\t\t<section class=\"elementor-section elementor-inner-section elementor-element elementor-element-a472798 elementor-section-boxed elementor-section-height-default elementor-section-height-default\" data-id=\"a472798\" data-element_type=\"section\">\n\t\t\t\t\t\t<div class=\"elementor-container elementor-column-gap-default\">\n\t\t\t\t\t<div class=\"elementor-column elementor-col-50 elementor-inner-column elementor-element elementor-element-9ea384d\" data-id=\"9ea384d\" data-element_type=\"column\">\n\t\t\t<div class=\"elementor-widget-wrap elementor-element-populated\">\n\t\t\t\t\t\t<div class=\"elementor-element elementor-element-20f542f elementor-invisible elementor-widget elementor-widget-image\" data-id=\"20f542f\" data-element_type=\"widget\" data-settings=\"{&quot;_animation&quot;:&quot;fadeInLeft&quot;}\" data-widget_type=\"image.default\">\n\t\t\t\t<div class=\"elementor-widget-container\">\n\t\t\t\t\t\t\t\t\t\t\t\t\t\t\t<img fetchpriority=\"high\" decoding=\"async\" width=\"640\" height=\"427\" src=\"http:\/\/union-trade.hu\/wp-content\/uploads\/2025\/07\/image-asset_optimized.jpeg\" class=\"attachment-large size-large wp-image-2358\" alt=\"\" srcset=\"http:\/\/union-trade.hu\/wp-content\/uploads\/2025\/07\/image-asset_optimized.jpeg 750w, http:\/\/union-trade.hu\/wp-content\/uploads\/2025\/07\/image-asset_optimized-300x200.jpeg 300w, http:\/\/union-trade.hu\/wp-content\/uploads\/2025\/07\/image-asset_optimized-600x400.jpeg 600w\" sizes=\"(max-width: 640px) 100vw, 640px\" \/>\t\t\t\t\t\t\t\t\t\t\t\t\t\t\t<\/div>\n\t\t\t\t<\/div>\n\t\t\t\t<div class=\"elementor-element elementor-element-ceeff0d elementor-invisible elementor-widget elementor-widget-image\" data-id=\"ceeff0d\" data-element_type=\"widget\" data-settings=\"{&quot;_animation&quot;:&quot;fadeInUp&quot;,&quot;_animation_delay&quot;:500}\" data-widget_type=\"image.default\">\n\t\t\t\t<div class=\"elementor-widget-container\">\n\t\t\t\t\t\t\t\t\t\t\t\t\t\t\t<img decoding=\"async\" width=\"640\" height=\"427\" src=\"http:\/\/union-trade.hu\/wp-content\/uploads\/2025\/07\/image-asset-3_optimized.jpeg\" class=\"attachment-large size-large wp-image-2360\" alt=\"\" srcset=\"http:\/\/union-trade.hu\/wp-content\/uploads\/2025\/07\/image-asset-3_optimized.jpeg 750w, http:\/\/union-trade.hu\/wp-content\/uploads\/2025\/07\/image-asset-3_optimized-300x200.jpeg 300w, http:\/\/union-trade.hu\/wp-content\/uploads\/2025\/07\/image-asset-3_optimized-600x400.jpeg 600w\" sizes=\"(max-width: 640px) 100vw, 640px\" \/>\t\t\t\t\t\t\t\t\t\t\t\t\t\t\t<\/div>\n\t\t\t\t<\/div>\n\t\t\t\t\t<\/div>\n\t\t<\/div>\n\t\t\t\t<div class=\"elementor-column elementor-col-50 elementor-inner-column elementor-element elementor-element-28d4991\" data-id=\"28d4991\" data-element_type=\"column\">\n\t\t\t<div class=\"elementor-widget-wrap elementor-element-populated\">\n\t\t\t\t\t\t<section class=\"elementor-section elementor-inner-section elementor-element elementor-element-f7da5fc elementor-section-boxed elementor-section-height-default elementor-section-height-default\" data-id=\"f7da5fc\" data-element_type=\"section\">\n\t\t\t\t\t\t<div class=\"elementor-container elementor-column-gap-default\">\n\t\t\t\t\t<div class=\"elementor-column elementor-col-100 elementor-inner-column elementor-element elementor-element-89aab8a\" data-id=\"89aab8a\" data-element_type=\"column\">\n\t\t\t<div class=\"elementor-widget-wrap elementor-element-populated\">\n\t\t\t\t\t\t<div class=\"elementor-element elementor-element-5b722e4 elementor-widget elementor-widget-section_heading elh-el section_heading\" data-id=\"5b722e4\" data-element_type=\"widget\" data-settings=\"{&quot;design_style&quot;:&quot;style_1&quot;}\" data-widget_type=\"section_heading.default\">\n\t\t\t\t<div class=\"elementor-widget-container\">\n\t\t\t\t\t<div class=\"sec-title tx-sectionHeading\">\r\n    <div class=\"tx-suibTitle-wrapper\">\r\n                        <div class=\"sec-title_title home-5-subtitle  tx-subTitle tx-split-text split-in-right\">\r\n                    <\/div>\r\n            <\/div>\r\n    <h2 class=\"sec-title_heading home-5-title tx-title tx-split-text split-in-right\">\u00dcber uns<\/h2>\r\n        <p class=\"sec-title_text\">\r\n        Die UNION TRADE GmbH und die SZ\u00c9KELYI GmbH befinden sich seit 30 Jahren im Besitz der Familie L\u00e1szl\u00f3ffy.\nDas Werk, das sich mit der Herstellung von Schuhzubeh\u00f6r besch\u00e4ftigt, liegt im Osten des Landes, nahe der rum\u00e4nischen\/ukrainischen Grenze, in der Gemeinde Sz\u00e9kely im Komitat Szabolcs-Szatm\u00e1r.<br><br>\nDer Gr\u00fcnder und Gesch\u00e4ftsf\u00fchrer, Istv\u00e1n L\u00e1szl\u00f3ffy, war sein ganzes Leben lang in der Leder- und Schuhindustrie t\u00e4tig. Die dort gesammelten Erfahrungen und entstandenen Verbindungen haben ihm dabei geholfen, dass sich die Firmengruppe heute zu einem international anerkannten Unternehmen mit einem breiten Netzwerk entwickelt hat.\n\nUnser Bestreben ist eine langfristige Zusammenarbeit, die auf einer breiten Kundenbasis aufbaut. Dies gew\u00e4hrleistet sowohl eine hochwertigere Betreuung unserer Kunden als auch einen sicheren Betrieb des Werkes.\n\nIm von uns hergestellten Produktsortiment sind wir heute das einzige Unternehmen in Ungarn, das auf industriellem Niveau produziert. Unsere wichtigsten Partner sind deutsche und \u00f6sterreichische Schuhfabriken \u2013 in diesem Markt geh\u00f6ren wir zu den bedeutenden Herstellern. Folglich stammen auch unsere wichtigsten Wettbewerber aus diesem Markt.\n    <\/p>\r\n    <\/div>\t\t\t\t<\/div>\n\t\t\t\t<\/div>\n\t\t\t\t\t<\/div>\n\t\t<\/div>\n\t\t\t\t\t<\/div>\n\t\t<\/section>\n\t\t\t\t\t<\/div>\n\t\t<\/div>\n\t\t\t\t\t<\/div>\n\t\t<\/section>\n\t\t\t\t<div class=\"elementor-element elementor-element-7447d66 elementor-absolute elementor-hidden-mobile elementor-hidden-tablet elementor-widget elementor-widget-image\" data-id=\"7447d66\" data-element_type=\"widget\" data-settings=\"{&quot;_position&quot;:&quot;absolute&quot;}\" data-widget_type=\"image.default\">\n\t\t\t\t<div class=\"elementor-widget-container\">\n\t\t\t\t\t\t\t\t\t\t\t\t\t\t\t<img decoding=\"async\" width=\"326\" height=\"806\" src=\"http:\/\/union-trade.hu\/wp-content\/uploads\/2023\/09\/request-one_pattern.webp\" class=\"attachment-large size-large wp-image-389\" alt=\"\" srcset=\"http:\/\/union-trade.hu\/wp-content\/uploads\/2023\/09\/request-one_pattern.webp 326w, http:\/\/union-trade.hu\/wp-content\/uploads\/2023\/09\/request-one_pattern-121x300.webp 121w\" sizes=\"(max-width: 326px) 100vw, 326px\" \/>\t\t\t\t\t\t\t\t\t\t\t\t\t\t\t<\/div>\n\t\t\t\t<\/div>\n\t\t\t\t\t<\/div>\n\t\t<\/div>\n\t\t\t\t\t<\/div>\n\t\t<\/section>\n\t\t\t\t\t<\/div>\n\t\t<\/div>\n\t\t\t\t\t<\/div>\n\t\t<\/section>\n\t\t\t\t<section class=\"elementor-section elementor-top-section elementor-element elementor-element-d275831 elementor-section-full_width elementor-section-height-default elementor-section-height-default\" data-id=\"d275831\" data-element_type=\"section\">\n\t\t\t\t\t\t<div class=\"elementor-container elementor-column-gap-default\">\n\t\t\t\t\t<div class=\"elementor-column elementor-col-100 elementor-top-column elementor-element elementor-element-6a44ad3\" data-id=\"6a44ad3\" data-element_type=\"column\">\n\t\t\t<div class=\"elementor-widget-wrap elementor-element-populated\">\n\t\t\t\t\t\t<section class=\"elementor-section elementor-inner-section elementor-element elementor-element-037ddca elementor-section-full_width elementor-section-height-default elementor-section-height-default\" data-id=\"037ddca\" data-element_type=\"section\">\n\t\t\t\t\t\t<div class=\"elementor-container elementor-column-gap-default\">\n\t\t\t\t\t<div class=\"elementor-column elementor-col-100 elementor-inner-column elementor-element elementor-element-0264b15\" data-id=\"0264b15\" data-element_type=\"column\">\n\t\t\t<div class=\"elementor-widget-wrap elementor-element-populated\">\n\t\t\t\t\t\t<section class=\"elementor-section elementor-inner-section elementor-element elementor-element-51f09a5 elementor-section-boxed elementor-section-height-default elementor-section-height-default\" data-id=\"51f09a5\" data-element_type=\"section\">\n\t\t\t\t\t\t<div class=\"elementor-container elementor-column-gap-default\">\n\t\t\t\t\t<div class=\"elementor-column elementor-col-50 elementor-inner-column elementor-element elementor-element-c00e6d7\" data-id=\"c00e6d7\" data-element_type=\"column\">\n\t\t\t<div class=\"elementor-widget-wrap elementor-element-populated\">\n\t\t\t\t\t\t<section class=\"elementor-section elementor-inner-section elementor-element elementor-element-a6c135f elementor-section-boxed elementor-section-height-default elementor-section-height-default\" data-id=\"a6c135f\" data-element_type=\"section\">\n\t\t\t\t\t\t<div class=\"elementor-container elementor-column-gap-default\">\n\t\t\t\t\t<div class=\"elementor-column elementor-col-100 elementor-inner-column elementor-element elementor-element-52d212d\" data-id=\"52d212d\" data-element_type=\"column\">\n\t\t\t<div class=\"elementor-widget-wrap elementor-element-populated\">\n\t\t\t\t\t\t<div class=\"elementor-element elementor-element-feb2d8e elementor-widget elementor-widget-section_heading elh-el section_heading\" data-id=\"feb2d8e\" data-element_type=\"widget\" data-settings=\"{&quot;design_style&quot;:&quot;style_1&quot;}\" data-widget_type=\"section_heading.default\">\n\t\t\t\t<div class=\"elementor-widget-container\">\n\t\t\t\t\t<div class=\"sec-title tx-sectionHeading\">\r\n    <div class=\"tx-suibTitle-wrapper\">\r\n                        <div class=\"sec-title_title home-5-subtitle  tx-subTitle tx-split-text split-in-right\">\r\n                    <\/div>\r\n            <\/div>\r\n    <h2 class=\"sec-title_heading home-5-title tx-title tx-split-text split-in-right\"><\/h2>\r\n        <p class=\"sec-title_text\">\r\n        Die administrativen Aufgaben und der Vertrieb werden von einem vierk\u00f6pfigen Team in Budapest erledigt.\nDie Organisation und Leitung der Produktion erfolgen in Sz\u00e9kely unter der F\u00fchrung des Betriebsleiters Kriszti\u00e1n S\u00fct\u0151, der seit \u00fcber 19 Jahren im Werk t\u00e4tig ist.\n\nF\u00fcr den Vertrieb ist Istv\u00e1n L\u00e1szl\u00f3ffy jun. verantwortlich, der nach zehn Jahren Auslandsstudium und dort gesammelten Erfahrungen vor vier Jahren in das Unternehmen eingetreten ist. Damit sichert er das langfristige Bestehen der Firma und unterstreicht das Engagement der Familie f\u00fcr die Zukunft des Unternehmens.<br><br>\nDer erfolgreiche Verkauf der mehr als 100 Mitarbeiter besch\u00e4ftigenden Handschuhfabrik im Jahr 2016 erm\u00f6glichte es dem Schuhzubeh\u00f6rwerk, zus\u00e4tzliche Mittel zur technischen und materiellen Absicherung der wachsenden Produktion zu erhalten.\nInfolgedessen konnte das Unternehmen die Entwicklungen der letzten Jahre weiterhin mit Schwung und Dynamik fortsetzen.    <\/p>\r\n    <\/div>\t\t\t\t<\/div>\n\t\t\t\t<\/div>\n\t\t\t\t<div class=\"elementor-element elementor-element-0daa55c elementor-absolute elementor-hidden-mobile elementor-hidden-tablet elementor-widget elementor-widget-image\" data-id=\"0daa55c\" data-element_type=\"widget\" data-settings=\"{&quot;_position&quot;:&quot;absolute&quot;}\" data-widget_type=\"image.default\">\n\t\t\t\t<div class=\"elementor-widget-container\">\n\t\t\t\t\t\t\t\t\t\t\t\t\t\t\t<img loading=\"lazy\" decoding=\"async\" width=\"326\" height=\"806\" src=\"http:\/\/union-trade.hu\/wp-content\/uploads\/2025\/07\/62d960ec-e5af-4d24-a122-7680259e4169.png\" class=\"attachment-large size-large wp-image-2361\" alt=\"\" srcset=\"http:\/\/union-trade.hu\/wp-content\/uploads\/2025\/07\/62d960ec-e5af-4d24-a122-7680259e4169.png 326w, http:\/\/union-trade.hu\/wp-content\/uploads\/2025\/07\/62d960ec-e5af-4d24-a122-7680259e4169-121x300.png 121w\" sizes=\"(max-width: 326px) 100vw, 326px\" \/>\t\t\t\t\t\t\t\t\t\t\t\t\t\t\t<\/div>\n\t\t\t\t<\/div>\n\t\t\t\t\t<\/div>\n\t\t<\/div>\n\t\t\t\t\t<\/div>\n\t\t<\/section>\n\t\t\t\t\t<\/div>\n\t\t<\/div>\n\t\t\t\t<div class=\"elementor-column elementor-col-50 elementor-inner-column elementor-element elementor-element-6437f6d\" data-id=\"6437f6d\" data-element_type=\"column\">\n\t\t\t<div class=\"elementor-widget-wrap elementor-element-populated\">\n\t\t\t\t\t\t<div class=\"elementor-element elementor-element-9e1facc elementor-invisible elementor-widget elementor-widget-image\" data-id=\"9e1facc\" data-element_type=\"widget\" data-settings=\"{&quot;_animation&quot;:&quot;fadeInRight&quot;}\" data-widget_type=\"image.default\">\n\t\t\t\t<div class=\"elementor-widget-container\">\n\t\t\t\t\t\t\t\t\t\t\t\t\t\t\t<img loading=\"lazy\" decoding=\"async\" width=\"640\" height=\"427\" src=\"http:\/\/union-trade.hu\/wp-content\/uploads\/2025\/07\/image-asset-4_optimized.jpeg\" class=\"attachment-large size-large wp-image-2359\" alt=\"\" srcset=\"http:\/\/union-trade.hu\/wp-content\/uploads\/2025\/07\/image-asset-4_optimized.jpeg 750w, http:\/\/union-trade.hu\/wp-content\/uploads\/2025\/07\/image-asset-4_optimized-300x200.jpeg 300w, http:\/\/union-trade.hu\/wp-content\/uploads\/2025\/07\/image-asset-4_optimized-600x400.jpeg 600w\" sizes=\"(max-width: 640px) 100vw, 640px\" \/>\t\t\t\t\t\t\t\t\t\t\t\t\t\t\t<\/div>\n\t\t\t\t<\/div>\n\t\t\t\t<div class=\"elementor-element elementor-element-a5ee1b1 elementor-invisible elementor-widget elementor-widget-image\" data-id=\"a5ee1b1\" data-element_type=\"widget\" data-settings=\"{&quot;_animation&quot;:&quot;fadeInUp&quot;,&quot;_animation_delay&quot;:500}\" data-widget_type=\"image.default\">\n\t\t\t\t<div class=\"elementor-widget-container\">\n\t\t\t\t\t\t\t\t\t\t\t\t\t\t\t<img loading=\"lazy\" decoding=\"async\" width=\"640\" height=\"427\" src=\"http:\/\/union-trade.hu\/wp-content\/uploads\/2025\/07\/image-asset-2_optimized.jpeg\" class=\"attachment-large size-large wp-image-2362\" alt=\"\" srcset=\"http:\/\/union-trade.hu\/wp-content\/uploads\/2025\/07\/image-asset-2_optimized.jpeg 750w, http:\/\/union-trade.hu\/wp-content\/uploads\/2025\/07\/image-asset-2_optimized-300x200.jpeg 300w, http:\/\/union-trade.hu\/wp-content\/uploads\/2025\/07\/image-asset-2_optimized-600x400.jpeg 600w\" sizes=\"(max-width: 640px) 100vw, 640px\" \/>\t\t\t\t\t\t\t\t\t\t\t\t\t\t\t<\/div>\n\t\t\t\t<\/div>\n\t\t\t\t\t<\/div>\n\t\t<\/div>\n\t\t\t\t\t<\/div>\n\t\t<\/section>\n\t\t\t\t\t<\/div>\n\t\t<\/div>\n\t\t\t\t\t<\/div>\n\t\t<\/section>\n\t\t\t\t\t<\/div>\n\t\t<\/div>\n\t\t\t\t\t<\/div>\n\t\t<\/section>\n\t\t\t\t<\/div>","protected":false},"excerpt":{"rendered":"<p>R\u00f3lunk Az UNION TRADE Kft. \u00e9s a SZ\u00c9KELYI Kft. 30 \u00e9ve a L\u00e1szl\u00f3ffy csal\u00e1d tulajdon\u00e1ban vannak. Az \u00fczem, amely a cip\u0151kell\u00e9k gy\u00e1rt\u00e1s\u00e1val foglalkozik, az orsz\u00e1g keleti fel\u00e9n tal\u00e1lhat\u00f3, a rom\u00e1n\/ukr\u00e1n hat\u00e1r k\u00f6zel\u00e9ben, Szabolcs-Szatm\u00e1r v\u00e1rmegye Sz\u00e9kely k\u00f6zs\u00e9gben m\u0171k\u00f6dik. Az alap\u00edt\u00f3 \u00fcgyvezet\u0151, L\u00e1szl\u00f3ffy Istv\u00e1n, eg\u00e9sz \u00e9let\u00e9ben a b\u0151r- \u00e9s cip\u0151iparban tev\u00e9kenykedett. Az itt szerzett tapasztalatok \u00e9s kialakult [&hellip;]<\/p>","protected":false},"author":1,"featured_media":0,"parent":0,"menu_order":0,"comment_status":"closed","ping_status":"closed","template":"elementor_header_footer","meta":{"inline_featured_image":false,"footnotes":""},"class_list":["post-2265","page","type-page","status-publish","hentry"],"_links":{"self":[{"href":"https:\/\/union-trade.hu\/de\/wp-json\/wp\/v2\/pages\/2265","targetHints":{"allow":["GET"]}}],"collection":[{"href":"https:\/\/union-trade.hu\/de\/wp-json\/wp\/v2\/pages"}],"about":[{"href":"https:\/\/union-trade.hu\/de\/wp-json\/wp\/v2\/types\/page"}],"author":[{"embeddable":true,"href":"https:\/\/union-trade.hu\/de\/wp-json\/wp\/v2\/users\/1"}],"replies":[{"embeddable":true,"href":"https:\/\/union-trade.hu\/de\/wp-json\/wp\/v2\/comments?post=2265"}],"version-history":[{"count":11,"href":"https:\/\/union-trade.hu\/de\/wp-json\/wp\/v2\/pages\/2265\/revisions"}],"predecessor-version":[{"id":2456,"href":"https:\/\/union-trade.hu\/de\/wp-json\/wp\/v2\/pages\/2265\/revisions\/2456"}],"wp:attachment":[{"href":"https:\/\/union-trade.hu\/de\/wp-json\/wp\/v2\/media?parent=2265"}],"curies":[{"name":"wp","href":"https:\/\/api.w.org\/{rel}","templated":true}]}}