{"id":2277,"date":"2023-09-16T17:06:55","date_gmt":"2023-09-16T17:06:55","guid":{"rendered":"https:\/\/themexriver.com\/wp\/trakirna-wp\/?page_id=60"},"modified":"2025-07-21T22:24:45","modified_gmt":"2025-07-21T22:24:45","slug":"allasok","status":"publish","type":"page","link":"https:\/\/union-trade.hu\/de\/allasok\/","title":{"rendered":"Karriere"},"content":{"rendered":"<div data-elementor-type=\"wp-page\" data-elementor-id=\"2277\" class=\"elementor elementor-2277\">\n\t\t\t\t\t\t<section class=\"elementor-section elementor-top-section elementor-element elementor-element-884a2c3 elementor-section-boxed elementor-section-height-default elementor-section-height-default\" data-id=\"884a2c3\" data-element_type=\"section\">\n\t\t\t\t\t\t<div class=\"elementor-container elementor-column-gap-default\">\n\t\t\t\t\t<div class=\"elementor-column elementor-col-100 elementor-top-column elementor-element elementor-element-c7d70fa\" data-id=\"c7d70fa\" data-element_type=\"column\">\n\t\t\t<div class=\"elementor-widget-wrap elementor-element-populated\">\n\t\t\t\t\t\t<div class=\"elementor-element elementor-element-98b3a40 elementor-widget elementor-widget-section_heading elh-el section_heading\" data-id=\"98b3a40\" data-element_type=\"widget\" data-settings=\"{&quot;design_style&quot;:&quot;style_1&quot;}\" data-widget_type=\"section_heading.default\">\n\t\t\t\t<div class=\"elementor-widget-container\">\n\t\t\t\t\t<div class=\"sec-title tx-sectionHeading\">\r\n    <div class=\"tx-suibTitle-wrapper\">\r\n                        <div class=\"sec-title_title home-5-subtitle  tx-subTitle tx-split-text split-in-left\">\r\n                    <\/div>\r\n            <\/div>\r\n    <h2 class=\"sec-title_heading home-5-title tx-title tx-split-text split-in-left\">Karriere<\/h2>\r\n    <\/div>\t\t\t\t<\/div>\n\t\t\t\t<\/div>\n\t\t\t\t<div class=\"elementor-element elementor-element-6f1e580 elementor-widget elementor-widget-text-editor\" data-id=\"6f1e580\" data-element_type=\"widget\" data-widget_type=\"text-editor.default\">\n\t\t\t\t<div class=\"elementor-widget-container\">\n\t\t\t\t\t\t\t\t\t<p class=\"\">Unser Unternehmen war in den vergangenen 30 Jahren stets in der Lage, sich zu erneuern und dadurch kontinuierlich zu wachsen. Dies w\u00e4re ohne die gewissenhafte und hochwertige Arbeit unserer Mitarbeiter nicht m\u00f6glich gewesen.<\/p><p class=\"\"><strong> WIR SUCHEN ADMINISTRATIVE MITARBEITER<\/strong><\/p><p class=\"\">Aufgrund der vollst\u00e4ndigen Verlagerung der administrativen Aufgaben an unseren Standort erweitern wir unser Team durch die Schaffung neuer Arbeitspl\u00e4tze.<\/p><p class=\"\"><strong>Die Hauptaufgaben werden sein:<\/strong><\/p><ul data-rte-list=\"default\"><li><p class=\"\">Effiziente Durchf\u00fchrung und Unterst\u00fctzung der administrativen Prozesse<\/p><\/li><li><p class=\"\">Verwaltung und Archivierung von Dokumenten<\/p><\/li><li><p class=\"\">Datenerfassung und Datenbankverwaltung<\/p><\/li><li><p class=\"\">Kommunikation mit in- und ausl\u00e4ndischen Partnern<\/p><\/li><li><p class=\"\">Personalverwaltung \/ Personalaktenf\u00fchrung<\/p><\/li><\/ul><p class=\"\"><strong>Anforderungen an die Stelle:<\/strong><\/p><ul data-rte-list=\"default\"><li><p class=\"\">Mindestens mittlerer Bildungsabschluss<\/p><\/li><li><p class=\"\">Fr\u00fchere Erfahrung in einer operativen Administratorposition<\/p><\/li><li><p class=\"\">Ausgezeichnete Kommunikationsf\u00e4higkeit<\/p><\/li><li><p class=\"\">F\u00fcr bestimmte Positionen verhandlungssichere Deutschkenntnisse<\/p><\/li><li><p class=\"\">Wirtschafts- und Buchhaltungskenntnisse<\/p><\/li><li><p class=\"\">Hohe Pr\u00e4zision und ausgepr\u00e4gte Organisationsf\u00e4higkeit<\/p><\/li><li><p class=\"\">Anwenderkenntnisse in B\u00fcro- und Fachsoftware<\/p><\/li><\/ul><p class=\"\"><strong>Von Vorteil:<\/strong><\/p><ul data-rte-list=\"default\"><li><p class=\"\">Weitere Sprachkenntnisse<\/p><\/li><li><p class=\"\">Abschluss als Bilanzbuchhalter\/in<\/p><\/li><\/ul><p class=\"\"><strong>Was wir bieten:<\/strong><\/p><ul data-rte-list=\"default\"><li><p class=\"\">Wettbewerbsf\u00e4higes Gehalt<\/p><\/li><li><p class=\"\">Stabile, langfristige Arbeitsm\u00f6glichkeit<\/p><\/li><li><p class=\"\">M\u00f6glichkeiten zur fachlichen Weiterentwicklung<\/p><\/li><li><p class=\"\">Fahrkostenzuschuss<\/p><\/li><li><p class=\"\">Arbeitsort:     Sz\u00e9kelyi Schuhzubeh\u00f6rhersteller GmbH, Sz\u00e9kely, Standort M\u00f3zsi<\/p><\/li><\/ul><p class=\"\">\u00a0<\/p><ul data-rte-list=\"default\"><li><p class=\"translation-block\">Wir erwarten Ihren ungarischsprachigen, mit Foto versehenen Lebenslauf unter Angabe Ihrer Gehaltsvorstellung an die E-Mail-Adresse\u00a0 <a href=\"mailto:krisztian.suto@szekelyikft.hu\" target=\"_self\">krisztian.suto@szekelyikft.hu<\/a>.<\/p><\/li><\/ul>\t\t\t\t\t\t\t\t<\/div>\n\t\t\t\t<\/div>\n\t\t\t\t<div class=\"elementor-element elementor-element-224b281 elementor-widget elementor-widget-section_heading elh-el section_heading\" data-id=\"224b281\" data-element_type=\"widget\" data-settings=\"{&quot;design_style&quot;:&quot;style_1&quot;}\" data-widget_type=\"section_heading.default\">\n\t\t\t\t<div class=\"elementor-widget-container\">\n\t\t\t\t\t<div class=\"sec-title tx-sectionHeading\">\r\n    <div class=\"tx-suibTitle-wrapper\">\r\n                        <div class=\"sec-title_title home-5-subtitle  tx-subTitle tx-split-text split-in-left\">\r\n                    <\/div>\r\n            <\/div>\r\n    <h2 class=\"sec-title_heading home-5-title tx-title tx-split-text split-in-left\">Stellenanzeigen finden Sie auf unserer Facebook-Seite:<\/h2>\r\n    <\/div>\t\t\t\t<\/div>\n\t\t\t\t<\/div>\n\t\t\t\t<div class=\"elementor-element elementor-element-7539d50 elementor-widget elementor-widget-text-editor\" data-id=\"7539d50\" data-element_type=\"widget\" data-widget_type=\"text-editor.default\">\n\t\t\t\t<div class=\"elementor-widget-container\">\n\t\t\t\t\t\t\t\t\t<p><a href=\"https:\/\/www.facebook.com\/profile.php?id=100083311030514\">Facebook<\/a><\/p>\t\t\t\t\t\t\t\t<\/div>\n\t\t\t\t<\/div>\n\t\t\t\t\t<\/div>\n\t\t<\/div>\n\t\t\t\t\t<\/div>\n\t\t<\/section>\n\t\t\t\t<\/div>","protected":false},"excerpt":{"rendered":"<p>\u00c1ll\u00e1sok C\u00e9g\u00fcnk az elm\u00falt 30 \u00e9vben k\u00e9pes volt mindig meg\u00fajulni \u00e9s ennek k\u00f6sz\u00f6nhet\u0151en folyamatosan n\u00f6vekedni. Ez munkat\u00e1rsaink lelkiismeretes \u00e9s magas sz\u00ednvonal\u00fa munk\u00e1ja n\u00e9lk\u00fcl nem val\u00f3sulhatott volna meg. ADMINISZTR\u00c1TORI MUNKAT\u00c1RSAKAT KERES\u00dcNK Adminisztrat\u00edv feladatok telephely\u00fcnkre t\u00f6rt\u00e9n\u0151 teljes \u00e1thelyez\u00e9se miatt, \u00faj munkak\u00f6r\u00f6k l\u00e9trehoz\u00e1sra tekintettel fejlesztj\u00fck csapatunkat. F\u0151bb feladatok lesznek: Az adminisztrat\u00edv folyamatok hat\u00e9kony v\u00e9grehajt\u00e1sa \u00e9s t\u00e1mogat\u00e1sa Dokumentumok kezel\u00e9se [&hellip;]<\/p>","protected":false},"author":1,"featured_media":0,"parent":0,"menu_order":0,"comment_status":"closed","ping_status":"closed","template":"elementor_header_footer","meta":{"inline_featured_image":false,"footnotes":""},"class_list":["post-2277","page","type-page","status-publish","hentry"],"_links":{"self":[{"href":"https:\/\/union-trade.hu\/de\/wp-json\/wp\/v2\/pages\/2277","targetHints":{"allow":["GET"]}}],"collection":[{"href":"https:\/\/union-trade.hu\/de\/wp-json\/wp\/v2\/pages"}],"about":[{"href":"https:\/\/union-trade.hu\/de\/wp-json\/wp\/v2\/types\/page"}],"author":[{"embeddable":true,"href":"https:\/\/union-trade.hu\/de\/wp-json\/wp\/v2\/users\/1"}],"replies":[{"embeddable":true,"href":"https:\/\/union-trade.hu\/de\/wp-json\/wp\/v2\/comments?post=2277"}],"version-history":[{"count":8,"href":"https:\/\/union-trade.hu\/de\/wp-json\/wp\/v2\/pages\/2277\/revisions"}],"predecessor-version":[{"id":2566,"href":"https:\/\/union-trade.hu\/de\/wp-json\/wp\/v2\/pages\/2277\/revisions\/2566"}],"wp:attachment":[{"href":"https:\/\/union-trade.hu\/de\/wp-json\/wp\/v2\/media?parent=2277"}],"curies":[{"name":"wp","href":"https:\/\/api.w.org\/{rel}","templated":true}]}}