{"id":2471,"date":"2025-07-21T20:34:06","date_gmt":"2025-07-21T20:34:06","guid":{"rendered":"http:\/\/union-trade.hu\/?page_id=2471"},"modified":"2025-07-21T20:56:31","modified_gmt":"2025-07-21T20:56:31","slug":"uzemunk","status":"publish","type":"page","link":"https:\/\/union-trade.hu\/de\/uzemunk\/","title":{"rendered":"Werk"},"content":{"rendered":"<div data-elementor-type=\"wp-page\" data-elementor-id=\"2471\" class=\"elementor elementor-2471\">\n\t\t\t\t<div class=\"elementor-element elementor-element-301d173 e-flex e-con-boxed e-con e-parent\" data-id=\"301d173\" data-element_type=\"container\">\n\t\t\t\t\t<div class=\"e-con-inner\">\n\t\t\t\t<div class=\"elementor-element elementor-element-5f11fef elementor-widget elementor-widget-section_heading elh-el section_heading\" data-id=\"5f11fef\" data-element_type=\"widget\" data-settings=\"{&quot;design_style&quot;:&quot;style_1&quot;}\" data-widget_type=\"section_heading.default\">\n\t\t\t\t<div class=\"elementor-widget-container\">\n\t\t\t\t\t<div class=\"sec-title tx-sectionHeading\">\r\n    <div class=\"tx-suibTitle-wrapper\">\r\n                        <div class=\"sec-title_title home-5-subtitle  tx-subTitle tx-split-text split-in-right\">\r\n                    <\/div>\r\n            <\/div>\r\n    <h2 class=\"sec-title_heading home-5-title tx-title tx-split-text split-in-right\">Unser Betriebsgeb\u00e4ude<\/h2>\r\n        <p class=\"sec-title_text\">\r\n            <\/p>\r\n    <\/div>\t\t\t\t<\/div>\n\t\t\t\t<\/div>\n\t\t\t\t\t<\/div>\n\t\t\t\t<\/div>\n\t\t<div class=\"elementor-element elementor-element-c665099 e-flex e-con-boxed e-con e-parent\" data-id=\"c665099\" data-element_type=\"container\">\n\t\t\t\t\t<div class=\"e-con-inner\">\n\t\t<div class=\"elementor-element elementor-element-4a134b0 e-con-full e-flex e-con e-child\" data-id=\"4a134b0\" data-element_type=\"container\">\n\t\t\t\t<div class=\"elementor-element elementor-element-354011c elementor-widget elementor-widget-section_heading elh-el section_heading\" data-id=\"354011c\" data-element_type=\"widget\" data-settings=\"{&quot;design_style&quot;:&quot;style_1&quot;}\" data-widget_type=\"section_heading.default\">\n\t\t\t\t<div class=\"elementor-widget-container\">\n\t\t\t\t\t<div class=\"sec-title tx-sectionHeading\">\r\n    <div class=\"tx-suibTitle-wrapper\">\r\n                        <div class=\"sec-title_title home-5-subtitle  tx-subTitle tx-split-text split-in-right\">\r\n                    <\/div>\r\n            <\/div>\r\n    <h2 class=\"sec-title_heading home-5-title tx-title tx-split-text split-in-right\"><\/h2>\r\n        <p class=\"sec-title_text\">\r\n        Das Werk und das Unternehmen befinden sich seit 30 Jahren im unver\u00e4nderten Besitz. Die Anlage liegt im Au\u00dfenbereich der Gemeinde Sz\u00e9kely, im Bezirk Kemecse des Komitats Szabolcs-Szatm\u00e1r-Bereg. Sie ist sowohl von Ramocsah\u00e1za als auch von Z\u00e1hony aus gut erreichbar. Von der in Richtung Z\u00e1hony f\u00fchrenden E573 ist sie nur wenige Minuten entfernt und liegt somit lediglich 20 Minuten von Ny\u00edregyh\u00e1za sowie der Z\u00e1hony-Abfahrt der Autobahn M3 entfernt.\n<br><br>\nDas Werk stellt Schuhzubeh\u00f6r \u00fcberwiegend f\u00fcr deutsche und \u00f6sterreichische Schuhhersteller her.\nAls Ergebnis unserer 30-j\u00e4hrigen T\u00e4tigkeit verf\u00fcgen wir heute \u00fcber einen breiten Kundenstamm. Unsere Materiallieferanten sind deutsche, \u00f6sterreichische, italienische und portugiesische Unternehmen \u2013 anerkannte Hersteller von Rohstoffen in der Branche.\n<br><br>\nDie Betriebsgeb\u00e4ude wurden im Laufe unserer T\u00e4tigkeit vollst\u00e4ndig renoviert und erweitert. Dazu geh\u00f6rten eine Dacherneuerung, W\u00e4rmed\u00e4mmung, der Austausch von T\u00fcren und Fenstern sowie eine vollst\u00e4ndige Innenrenovierung.\n\nDie Erweiterung der Grundfl\u00e4che erfolgte schrittweise: 2015 wurde die Produktionshalle um 500 m\u00b2 vergr\u00f6\u00dfert, 2018 kamen weitere 400 m\u00b2 hinzu. Parallel zur Erweiterung der Produktionskapazit\u00e4t wurde 2018 auch das Lagergeb\u00e4ude um zus\u00e4tzliche 300 m\u00b2 erweitert.    <\/p>\r\n    <\/div>\t\t\t\t<\/div>\n\t\t\t\t<\/div>\n\t\t\t\t<\/div>\n\t\t<div class=\"elementor-element elementor-element-ae84676 e-con-full e-flex e-con e-child\" data-id=\"ae84676\" data-element_type=\"container\">\n\t\t\t\t<div class=\"elementor-element elementor-element-d6a7df7 elementor-invisible elementor-widget elementor-widget-image\" data-id=\"d6a7df7\" data-element_type=\"widget\" data-settings=\"{&quot;_animation&quot;:&quot;fadeInRight&quot;}\" data-widget_type=\"image.default\">\n\t\t\t\t<div class=\"elementor-widget-container\">\n\t\t\t\t\t\t\t\t\t\t\t\t\t\t\t<img fetchpriority=\"high\" decoding=\"async\" width=\"640\" height=\"427\" src=\"http:\/\/union-trade.hu\/wp-content\/uploads\/2025\/07\/image-asset-1024x683.jpeg\" class=\"attachment-large size-large wp-image-2473\" alt=\"\" srcset=\"http:\/\/union-trade.hu\/wp-content\/uploads\/2025\/07\/image-asset-1024x683.jpeg 1024w, http:\/\/union-trade.hu\/wp-content\/uploads\/2025\/07\/image-asset-300x200.jpeg 300w, http:\/\/union-trade.hu\/wp-content\/uploads\/2025\/07\/image-asset-768x513.jpeg 768w, http:\/\/union-trade.hu\/wp-content\/uploads\/2025\/07\/image-asset-600x400.jpeg 600w, http:\/\/union-trade.hu\/wp-content\/uploads\/2025\/07\/image-asset.jpeg 1500w\" sizes=\"(max-width: 640px) 100vw, 640px\" \/>\t\t\t\t\t\t\t\t\t\t\t\t\t\t\t<\/div>\n\t\t\t\t<\/div>\n\t\t\t\t<div class=\"elementor-element elementor-element-10e3423 elementor-invisible elementor-widget elementor-widget-image\" data-id=\"10e3423\" data-element_type=\"widget\" data-settings=\"{&quot;_animation&quot;:&quot;fadeInUp&quot;,&quot;_animation_delay&quot;:500}\" data-widget_type=\"image.default\">\n\t\t\t\t<div class=\"elementor-widget-container\">\n\t\t\t\t\t\t\t\t\t\t\t\t\t\t\t<img decoding=\"async\" width=\"640\" height=\"427\" src=\"http:\/\/union-trade.hu\/wp-content\/uploads\/2025\/07\/image-asset-2-1024x683.jpeg\" class=\"attachment-large size-large wp-image-2474\" alt=\"\" srcset=\"http:\/\/union-trade.hu\/wp-content\/uploads\/2025\/07\/image-asset-2-1024x683.jpeg 1024w, http:\/\/union-trade.hu\/wp-content\/uploads\/2025\/07\/image-asset-2-300x200.jpeg 300w, http:\/\/union-trade.hu\/wp-content\/uploads\/2025\/07\/image-asset-2-768x513.jpeg 768w, http:\/\/union-trade.hu\/wp-content\/uploads\/2025\/07\/image-asset-2-600x400.jpeg 600w, http:\/\/union-trade.hu\/wp-content\/uploads\/2025\/07\/image-asset-2.jpeg 1500w\" sizes=\"(max-width: 640px) 100vw, 640px\" \/>\t\t\t\t\t\t\t\t\t\t\t\t\t\t\t<\/div>\n\t\t\t\t<\/div>\n\t\t\t\t<\/div>\n\t\t\t\t\t<\/div>\n\t\t\t\t<\/div>\n\t\t<div class=\"elementor-element elementor-element-b82f138 e-flex e-con-boxed e-con e-parent\" data-id=\"b82f138\" data-element_type=\"container\">\n\t\t\t\t\t<div class=\"e-con-inner\">\n\t\t\t\t<div class=\"elementor-element elementor-element-6a9aa05 elementor-widget elementor-widget-section_heading elh-el section_heading\" data-id=\"6a9aa05\" data-element_type=\"widget\" data-settings=\"{&quot;design_style&quot;:&quot;style_1&quot;}\" data-widget_type=\"section_heading.default\">\n\t\t\t\t<div class=\"elementor-widget-container\">\n\t\t\t\t\t<div class=\"sec-title tx-sectionHeading\">\r\n    <div class=\"tx-suibTitle-wrapper\">\r\n                        <div class=\"sec-title_title home-5-subtitle  tx-subTitle tx-split-text split-in-right\">\r\n                    <\/div>\r\n            <\/div>\r\n    <h2 class=\"sec-title_heading home-5-title tx-title tx-split-text split-in-right\">Unsere Ausstattung<\/h2>\r\n        <p class=\"sec-title_text\">\r\n            <\/p>\r\n    <\/div>\t\t\t\t<\/div>\n\t\t\t\t<\/div>\n\t\t\t\t\t<\/div>\n\t\t\t\t<\/div>\n\t\t<div class=\"elementor-element elementor-element-7640548 e-flex e-con-boxed e-con e-parent\" data-id=\"7640548\" data-element_type=\"container\">\n\t\t\t\t\t<div class=\"e-con-inner\">\n\t\t<div class=\"elementor-element elementor-element-0310cb1 e-con-full e-flex e-con e-child\" data-id=\"0310cb1\" data-element_type=\"container\">\n\t\t\t\t<div class=\"elementor-element elementor-element-9dffe03 elementor-invisible elementor-widget elementor-widget-image\" data-id=\"9dffe03\" data-element_type=\"widget\" data-settings=\"{&quot;_animation&quot;:&quot;fadeInLeft&quot;}\" data-widget_type=\"image.default\">\n\t\t\t\t<div class=\"elementor-widget-container\">\n\t\t\t\t\t\t\t\t\t\t\t\t\t\t\t<img decoding=\"async\" width=\"640\" height=\"427\" src=\"http:\/\/union-trade.hu\/wp-content\/uploads\/2025\/07\/image-asset-3.jpeg\" class=\"attachment-large size-large wp-image-2487\" alt=\"\" srcset=\"http:\/\/union-trade.hu\/wp-content\/uploads\/2025\/07\/image-asset-3.jpeg 750w, http:\/\/union-trade.hu\/wp-content\/uploads\/2025\/07\/image-asset-3-300x200.jpeg 300w, http:\/\/union-trade.hu\/wp-content\/uploads\/2025\/07\/image-asset-3-600x400.jpeg 600w\" sizes=\"(max-width: 640px) 100vw, 640px\" \/>\t\t\t\t\t\t\t\t\t\t\t\t\t\t\t<\/div>\n\t\t\t\t<\/div>\n\t\t\t\t<div class=\"elementor-element elementor-element-139ef8f elementor-invisible elementor-widget elementor-widget-image\" data-id=\"139ef8f\" data-element_type=\"widget\" data-settings=\"{&quot;_animation&quot;:&quot;fadeInUp&quot;,&quot;_animation_delay&quot;:500}\" data-widget_type=\"image.default\">\n\t\t\t\t<div class=\"elementor-widget-container\">\n\t\t\t\t\t\t\t\t\t\t\t\t\t\t\t<img loading=\"lazy\" decoding=\"async\" width=\"640\" height=\"427\" src=\"http:\/\/union-trade.hu\/wp-content\/uploads\/2025\/07\/image-asset-4.jpeg\" class=\"attachment-large size-large wp-image-2488\" alt=\"\" srcset=\"http:\/\/union-trade.hu\/wp-content\/uploads\/2025\/07\/image-asset-4.jpeg 750w, http:\/\/union-trade.hu\/wp-content\/uploads\/2025\/07\/image-asset-4-300x200.jpeg 300w, http:\/\/union-trade.hu\/wp-content\/uploads\/2025\/07\/image-asset-4-600x400.jpeg 600w\" sizes=\"(max-width: 640px) 100vw, 640px\" \/>\t\t\t\t\t\t\t\t\t\t\t\t\t\t\t<\/div>\n\t\t\t\t<\/div>\n\t\t\t\t<\/div>\n\t\t<div class=\"elementor-element elementor-element-d428bda e-con-full e-flex e-con e-child\" data-id=\"d428bda\" data-element_type=\"container\">\n\t\t\t\t<div class=\"elementor-element elementor-element-e69df10 elementor-widget elementor-widget-section_heading elh-el section_heading\" data-id=\"e69df10\" data-element_type=\"widget\" data-settings=\"{&quot;design_style&quot;:&quot;style_1&quot;}\" data-widget_type=\"section_heading.default\">\n\t\t\t\t<div class=\"elementor-widget-container\">\n\t\t\t\t\t<div class=\"sec-title tx-sectionHeading\">\r\n    <div class=\"tx-suibTitle-wrapper\">\r\n                        <div class=\"sec-title_title home-5-subtitle  tx-subTitle tx-split-text split-in-right\">\r\n                    <\/div>\r\n            <\/div>\r\n    <h2 class=\"sec-title_heading home-5-title tx-title tx-split-text split-in-right\"><\/h2>\r\n        <p class=\"sec-title_text\">\r\n        Unser Maschinenpark wird kontinuierlich weiterentwickelt und erweitert, um mit dem technologischen Fortschritt in der Schuhproduktion Schritt zu halten. Unsere eigenen Entwicklungen setzen wir gemeinsam mit inl\u00e4ndischen Maschinenherstellern um, w\u00e4hrend wir neue Maschinen in der Regel aus Italien beziehen.\n<br><br>\nEin sicherer Betrieb und die Einhaltung von Sicherheitsvorschriften sind heute eine grundlegende Anforderung in der Produktion. Deren Missachtung gef\u00e4hrdet nicht nur die termingerechte Belieferung der Kunden, sondern stellt auch eine allgemeine Erwartung an jeden Zulieferer von Komponenten dar.\n<br><br>\nDar\u00fcber hinaus ist in der beschleunigten Welt die schnelle Mustererstellung und die Steigerung der Effizienz von besonderer Bedeutung. Deshalb setzen wir zunehmend mehr computergesteuerte Maschinen ein und planen, in naher Zukunft weitere in Betrieb zu nehmen.\n<br><br>\nDurch diese Schritte sind wir in der Lage, den stetig wachsenden quantitativen und qualitativen Anforderungen gerecht zu werden. Dies wiederum gew\u00e4hrleistet, dass wir das f\u00fcr den langfristigen Betrieb notwendige langfristige Denken verwirklichen k\u00f6nnen.    <\/p>\r\n    <\/div>\t\t\t\t<\/div>\n\t\t\t\t<\/div>\n\t\t\t\t<\/div>\n\t\t\t\t\t<\/div>\n\t\t\t\t<\/div>\n\t\t<div class=\"elementor-element elementor-element-794189a e-flex e-con-boxed e-con e-parent\" data-id=\"794189a\" data-element_type=\"container\">\n\t\t\t\t\t<div class=\"e-con-inner\">\n\t\t\t\t<div class=\"elementor-element elementor-element-3f0d1ed elementor-widget elementor-widget-gallery\" data-id=\"3f0d1ed\" data-element_type=\"widget\" data-widget_type=\"gallery.default\">\n\t\t\t\t<div class=\"elementor-widget-container\">\n\t\t\t\t\t \t\t\t\t<\/div>\n\t\t\t\t<\/div>\n\t\t\t\t\t<\/div>\n\t\t\t\t<\/div>\n\t\t\t\t<\/div>","protected":false},"excerpt":{"rendered":"<p>\u00dczem\u00e9p\u00fclet\u00fcnk Az \u00fczem \u00e9s a v\u00e1llalkoz\u00e1s 30 \u00e9ve v\u00e1ltozatlan tulajdonban van. A l\u00e9tes\u00edtm\u00e9ny Sz\u00e9kely k\u00f6zs\u00e9g k\u00fclter\u00fclet\u00e9n tal\u00e1lhat\u00f3 Szabolcs-Szatm\u00e1r-Bereg v\u00e1rmegye, a Kemecsei J\u00e1r\u00e1sban. J\u00f3l megk\u00f6zel\u00edthet\u0151 mind a Ramocsah\u00e1za, mind a Z\u00e1hony fel\u0151l. A Z\u00e1hony fel\u00e9 vezet\u0151 E573 \u00fat\u00f3l csak n\u00e9h\u00e1ny percre tal\u00e1lhat\u00f3, \u00edgy mind\u00f6ssze 20 perc t\u00e1vols\u00e1gra van Ny\u00edregyh\u00e1z\u00e1t\u00f3l \u00e9s az M3-as aut\u00f3p\u00e1lya z\u00e1honyi lehajt\u00f3j\u00e1t\u00f3l egyar\u00e1nt. [&hellip;]<\/p>","protected":false},"author":1,"featured_media":0,"parent":0,"menu_order":0,"comment_status":"closed","ping_status":"closed","template":"elementor_header_footer","meta":{"inline_featured_image":false,"footnotes":""},"class_list":["post-2471","page","type-page","status-publish","hentry"],"_links":{"self":[{"href":"https:\/\/union-trade.hu\/de\/wp-json\/wp\/v2\/pages\/2471","targetHints":{"allow":["GET"]}}],"collection":[{"href":"https:\/\/union-trade.hu\/de\/wp-json\/wp\/v2\/pages"}],"about":[{"href":"https:\/\/union-trade.hu\/de\/wp-json\/wp\/v2\/types\/page"}],"author":[{"embeddable":true,"href":"https:\/\/union-trade.hu\/de\/wp-json\/wp\/v2\/users\/1"}],"replies":[{"embeddable":true,"href":"https:\/\/union-trade.hu\/de\/wp-json\/wp\/v2\/comments?post=2471"}],"version-history":[{"count":13,"href":"https:\/\/union-trade.hu\/de\/wp-json\/wp\/v2\/pages\/2471\/revisions"}],"predecessor-version":[{"id":2511,"href":"https:\/\/union-trade.hu\/de\/wp-json\/wp\/v2\/pages\/2471\/revisions\/2511"}],"wp:attachment":[{"href":"https:\/\/union-trade.hu\/de\/wp-json\/wp\/v2\/media?parent=2471"}],"curies":[{"name":"wp","href":"https:\/\/api.w.org\/{rel}","templated":true}]}}