{"id":2538,"date":"2025-07-21T21:01:27","date_gmt":"2025-07-21T21:01:27","guid":{"rendered":"http:\/\/union-trade.hu\/?page_id=2538"},"modified":"2025-07-21T21:48:36","modified_gmt":"2025-07-21T21:48:36","slug":"termekeink","status":"publish","type":"page","link":"https:\/\/union-trade.hu\/de\/termekeink\/","title":{"rendered":"Produkte"},"content":{"rendered":"<div data-elementor-type=\"wp-page\" data-elementor-id=\"2538\" class=\"elementor elementor-2538\">\n\t\t\t\t<div class=\"elementor-element elementor-element-f816503 e-flex e-con-boxed e-con e-parent\" data-id=\"f816503\" data-element_type=\"container\">\n\t\t\t\t\t<div class=\"e-con-inner\">\n\t\t\t\t<div class=\"elementor-element elementor-element-b281a7d elementor-widget elementor-widget-section_heading elh-el section_heading\" data-id=\"b281a7d\" data-element_type=\"widget\" data-settings=\"{&quot;design_style&quot;:&quot;style_1&quot;}\" data-widget_type=\"section_heading.default\">\n\t\t\t\t<div class=\"elementor-widget-container\">\n\t\t\t\t\t<div class=\"sec-title tx-sectionHeading\">\r\n    <div class=\"tx-suibTitle-wrapper\">\r\n                        <div class=\"sec-title_title home-5-subtitle  tx-subTitle tx-split-text split-in-right\">\r\n                    <\/div>\r\n            <\/div>\r\n    <h2 class=\"sec-title_heading home-5-title tx-title tx-split-text split-in-right\">Schuhzubeh\u00f6r<\/h2>\r\n        <p class=\"sec-title_text\">\r\n        Das in unserem Werk hergestellte Schuhzubeh\u00f6r verleiht dem Schuh seine Form, seinen Halt, seine Stabilit\u00e4t und seinen Tragekomfort.\n<br>\nDiese Produkte sind die Einlegesohle, die Lederfaser-Hinterkappe sowie die thermoplastische Vorder- und Hinterkappenverst\u00e4rkung.    <\/p>\r\n    <\/div>\t\t\t\t<\/div>\n\t\t\t\t<\/div>\n\t\t\t\t\t<\/div>\n\t\t\t\t<\/div>\n\t\t<div class=\"elementor-element elementor-element-8dce45d e-flex e-con-boxed e-con e-parent\" data-id=\"8dce45d\" data-element_type=\"container\">\n\t\t\t\t\t<div class=\"e-con-inner\">\n\t\t<div class=\"elementor-element elementor-element-c3bea43 e-con-full e-flex e-con e-child\" data-id=\"c3bea43\" data-element_type=\"container\">\n\t\t\t\t<div class=\"elementor-element elementor-element-f79eed1 elementor-widget elementor-widget-section_heading elh-el section_heading\" data-id=\"f79eed1\" data-element_type=\"widget\" data-settings=\"{&quot;design_style&quot;:&quot;style_1&quot;}\" data-widget_type=\"section_heading.default\">\n\t\t\t\t<div class=\"elementor-widget-container\">\n\t\t\t\t\t<div class=\"sec-title tx-sectionHeading\">\r\n    <div class=\"tx-suibTitle-wrapper\">\r\n                        <div class=\"sec-title_title home-5-subtitle  tx-subTitle tx-split-text split-in-right\">\r\n                    <\/div>\r\n            <\/div>\r\n    <h2 class=\"sec-title_heading home-5-title tx-title tx-split-text split-in-right\">Lederfaser-Hinterkappe<\/h2>\r\n        <p class=\"sec-title_text\">\r\n        Die Hinterkappe findet sich in nahezu jedem geschlossenen Schuh. Ihre Funktion besteht darin, die seitliche Bewegung des Fu\u00dfes zu verhindern, die korrekte Stellung des Fersenbeins zu unterst\u00fctzen sowie die Ferse vor m\u00f6glichen \u00e4u\u00dferen Einwirkungen zu sch\u00fctzen.\n<br><br>\nDar\u00fcber hinaus verleiht sie dem hinteren Teil des Schuhs seine Form und seinen Halt und tr\u00e4gt zur Sicherheit beim Gehen und Stehen bei. Eine gut gefertigte Hinterkappe bildet die Grundlage f\u00fcr den Komfort, die Bequemlichkeit und das stabile Tragen des Schuhs.\n<br><br>\nDas Wort LEFA ist eine Abk\u00fcrzung des deutschen Begriffs Lederfasermaterial, was ein auf Lederfasern basierendes Material bedeutet.\nEs wird durch das Mahlen von Lederabf\u00e4llen und das anschlie\u00dfende Hinzuf\u00fcgen von Latexkleber sowie synthetischen Fetten hergestellt.\nDieses Material ist in unterschiedlichen Qualit\u00e4ten und St\u00e4rken erh\u00e4ltlich.\n<br><br>\nDie von uns verwendeten Materialien werden in Deutschland hergestellt. Eine unserer Besonderheiten ist das chromfreie LEFA-Material.\n<br><br>\nIm Produktionsprozess spielen die verschiedenen Fertigungsphasen eine wichtige Rolle, die in ihrer Gesamtheit die Herstellung einer pr\u00e4zisen und technisch geforderten Qualit\u00e4t der Hinterkappe gew\u00e4hrleisten.\n<br><br>\nEntsprechend den Kundenanforderungen stellen wir Hinterkappen sowohl mit Klebstoffbeschichtung als auch ohne Klebstoffbeschichtung her.    <\/p>\r\n    <\/div>\t\t\t\t<\/div>\n\t\t\t\t<\/div>\n\t\t\t\t<\/div>\n\t\t<div class=\"elementor-element elementor-element-917bfaf e-con-full e-flex e-con e-child\" data-id=\"917bfaf\" data-element_type=\"container\">\n\t\t\t\t<div class=\"elementor-element elementor-element-23adce4 elementor-widget__width-initial elementor-invisible elementor-widget elementor-widget-video\" data-id=\"23adce4\" data-element_type=\"widget\" data-settings=\"{&quot;youtube_url&quot;:&quot;https:\\\/\\\/www.youtube.com\\\/watch?v=rGD3kbV6sE0&amp;t=1s&quot;,&quot;_animation&quot;:&quot;fadeInRight&quot;,&quot;video_type&quot;:&quot;youtube&quot;,&quot;controls&quot;:&quot;yes&quot;}\" data-widget_type=\"video.default\">\n\t\t\t\t<div class=\"elementor-widget-container\">\n\t\t\t\t\t\t\t<div class=\"elementor-wrapper elementor-open-inline\">\n\t\t\t<div class=\"elementor-video\"><\/div>\t\t<\/div>\n\t\t\t\t\t\t<\/div>\n\t\t\t\t<\/div>\n\t\t\t\t<div class=\"elementor-element elementor-element-816e51b elementor-widget__width-initial elementor-invisible elementor-widget elementor-widget-video\" data-id=\"816e51b\" data-element_type=\"widget\" data-settings=\"{&quot;youtube_url&quot;:&quot;https:\\\/\\\/www.youtube.com\\\/watch?v=sGjglabJl2w&quot;,&quot;_animation&quot;:&quot;fadeInUp&quot;,&quot;_animation_delay&quot;:500,&quot;video_type&quot;:&quot;youtube&quot;,&quot;controls&quot;:&quot;yes&quot;}\" data-widget_type=\"video.default\">\n\t\t\t\t<div class=\"elementor-widget-container\">\n\t\t\t\t\t\t\t<div class=\"elementor-wrapper elementor-open-inline\">\n\t\t\t<div class=\"elementor-video\"><\/div>\t\t<\/div>\n\t\t\t\t\t\t<\/div>\n\t\t\t\t<\/div>\n\t\t\t\t<div class=\"elementor-element elementor-element-315b832 elementor-absolute elementor-widget elementor-widget-image\" data-id=\"315b832\" data-element_type=\"widget\" data-settings=\"{&quot;_position&quot;:&quot;absolute&quot;}\" data-widget_type=\"image.default\">\n\t\t\t\t<div class=\"elementor-widget-container\">\n\t\t\t\t\t\t\t\t\t\t\t\t\t\t\t<img fetchpriority=\"high\" decoding=\"async\" width=\"326\" height=\"806\" src=\"http:\/\/union-trade.hu\/wp-content\/uploads\/2023\/09\/request-one_pattern.webp\" class=\"attachment-large size-large wp-image-389\" alt=\"\" srcset=\"http:\/\/union-trade.hu\/wp-content\/uploads\/2023\/09\/request-one_pattern.webp 326w, http:\/\/union-trade.hu\/wp-content\/uploads\/2023\/09\/request-one_pattern-121x300.webp 121w\" sizes=\"(max-width: 326px) 100vw, 326px\" \/>\t\t\t\t\t\t\t\t\t\t\t\t\t\t\t<\/div>\n\t\t\t\t<\/div>\n\t\t\t\t<\/div>\n\t\t\t\t\t<\/div>\n\t\t\t\t<\/div>\n\t\t<div class=\"elementor-element elementor-element-b60c1e7 e-flex e-con-boxed e-con e-parent\" data-id=\"b60c1e7\" data-element_type=\"container\">\n\t\t\t\t\t<div class=\"e-con-inner\">\n\t\t<div class=\"elementor-element elementor-element-5c09b43 e-con-full e-flex e-con e-child\" data-id=\"5c09b43\" data-element_type=\"container\">\n\t\t\t\t<div class=\"elementor-element elementor-element-045f784 elementor-invisible elementor-widget elementor-widget-image\" data-id=\"045f784\" data-element_type=\"widget\" data-settings=\"{&quot;_animation&quot;:&quot;fadeInUp&quot;,&quot;_animation_delay&quot;:0}\" data-widget_type=\"image.default\">\n\t\t\t\t<div class=\"elementor-widget-container\">\n\t\t\t\t\t\t\t\t\t\t\t\t\t\t\t<img decoding=\"async\" width=\"640\" height=\"427\" src=\"http:\/\/union-trade.hu\/wp-content\/uploads\/2025\/07\/image-asset-2_optimized.jpeg\" class=\"attachment-large size-large wp-image-2362\" alt=\"\" srcset=\"http:\/\/union-trade.hu\/wp-content\/uploads\/2025\/07\/image-asset-2_optimized.jpeg 750w, http:\/\/union-trade.hu\/wp-content\/uploads\/2025\/07\/image-asset-2_optimized-300x200.jpeg 300w, http:\/\/union-trade.hu\/wp-content\/uploads\/2025\/07\/image-asset-2_optimized-600x400.jpeg 600w\" sizes=\"(max-width: 640px) 100vw, 640px\" \/>\t\t\t\t\t\t\t\t\t\t\t\t\t\t\t<\/div>\n\t\t\t\t<\/div>\n\t\t\t\t<\/div>\n\t\t<div class=\"elementor-element elementor-element-483f83c e-con-full e-flex e-con e-child\" data-id=\"483f83c\" data-element_type=\"container\">\n\t\t\t\t<div class=\"elementor-element elementor-element-e6713d5 elementor-invisible elementor-widget elementor-widget-image\" data-id=\"e6713d5\" data-element_type=\"widget\" data-settings=\"{&quot;_animation&quot;:&quot;fadeInUp&quot;,&quot;_animation_delay&quot;:500}\" data-widget_type=\"image.default\">\n\t\t\t\t<div class=\"elementor-widget-container\">\n\t\t\t\t\t\t\t\t\t\t\t\t\t\t\t<img decoding=\"async\" width=\"640\" height=\"427\" src=\"http:\/\/union-trade.hu\/wp-content\/uploads\/2025\/07\/image-asset-1-1024x683.jpeg\" class=\"attachment-large size-large wp-image-2540\" alt=\"\" srcset=\"http:\/\/union-trade.hu\/wp-content\/uploads\/2025\/07\/image-asset-1-1024x683.jpeg 1024w, http:\/\/union-trade.hu\/wp-content\/uploads\/2025\/07\/image-asset-1-300x200.jpeg 300w, http:\/\/union-trade.hu\/wp-content\/uploads\/2025\/07\/image-asset-1-768x512.jpeg 768w, http:\/\/union-trade.hu\/wp-content\/uploads\/2025\/07\/image-asset-1.jpeg 1500w\" sizes=\"(max-width: 640px) 100vw, 640px\" \/>\t\t\t\t\t\t\t\t\t\t\t\t\t\t\t<\/div>\n\t\t\t\t<\/div>\n\t\t\t\t<\/div>\n\t\t\t\t\t<\/div>\n\t\t\t\t<\/div>\n\t\t<div class=\"elementor-element elementor-element-244471e e-flex e-con-boxed e-con e-parent\" data-id=\"244471e\" data-element_type=\"container\" data-settings=\"{&quot;background_background&quot;:&quot;classic&quot;}\">\n\t\t\t\t\t<div class=\"e-con-inner\">\n\t\t<div class=\"elementor-element elementor-element-8d5bb5a e-con-full e-flex e-con e-child\" data-id=\"8d5bb5a\" data-element_type=\"container\">\n\t\t\t\t<div class=\"elementor-element elementor-element-d7aed37 elementor-widget elementor-widget-section_heading elh-el section_heading\" data-id=\"d7aed37\" data-element_type=\"widget\" data-settings=\"{&quot;design_style&quot;:&quot;style_1&quot;}\" data-widget_type=\"section_heading.default\">\n\t\t\t\t<div class=\"elementor-widget-container\">\n\t\t\t\t\t<div class=\"sec-title tx-sectionHeading\">\r\n    <div class=\"tx-suibTitle-wrapper\">\r\n                        <div class=\"sec-title_title home-5-subtitle  tx-subTitle tx-split-text split-in-right\">\r\n                    <\/div>\r\n            <\/div>\r\n    <h2 class=\"sec-title_heading home-5-title tx-title tx-split-text split-in-right\">Einlegesohle<\/h2>\r\n        <p class=\"sec-title_text\">\r\n        Die Brandsohle findet sich in jedem Schuh, mit Ausnahme von Schuhen, deren Schaft mit der Laufsohle direkt verbunden ist. Sie ist ein wesentliches Bauteil des Schuhs, ihre Form und Gestalt entsprechen dem Sohlenbereich des Leistens.\nBei den auf dem Leisten durchgef\u00fchrten Befestigungsarbeiten wird der zus\u00e4tzliche Einschlag des Oberleders vor\u00fcbergehend oder dauerhaft an der Brandsohle fixiert. \n<br><br>\nDie Art des Schuhs bestimmt, ob sie aus d\u00fcnnem und flexiblem Zellulosematerial, aus Leder oder sogar aus festem Kevlar bzw. antistatischem Material hergestellt wird. Somit ist sie gleicherma\u00dfen in einem Kinderschuh, in einem hochhackigen Damenschuh wie auch in einem Stiefel erforderlich. Selbstverst\u00e4ndlich spielt sie neben der Stabilit\u00e4t auch eine wichtige Rolle bei der Gew\u00e4hrleistung des Gehkomforts.\n<br><br>\nUm diese Funktionen zu gew\u00e4hrleisten, unterscheidet sich der Aufbau der Brandsohle \u2013 und wie wir sie nennen, der Halbbrandsohle \u2013 je nach der zu erf\u00fcllenden Aufgabe. So kennen wir die Halbbrandsohle, die geteilte Brandsohle, die traditionelle Brandsohle, die Sandwich-Brandsohle sowie die beschichtete Brandsohle.\nAus der Aufz\u00e4hlung wird ersichtlich, dass es sich hierbei jeweils um unterschiedliche Herstellungsverfahren handelt.    <\/p>\r\n    <\/div>\t\t\t\t<\/div>\n\t\t\t\t<\/div>\n\t\t\t\t<\/div>\n\t\t<div class=\"elementor-element elementor-element-5ab9c54 e-con-full e-flex e-con e-child\" data-id=\"5ab9c54\" data-element_type=\"container\">\n\t\t\t\t<div class=\"elementor-element elementor-element-47303d3 elementor-widget__width-initial elementor-invisible elementor-widget elementor-widget-video\" data-id=\"47303d3\" data-element_type=\"widget\" data-settings=\"{&quot;youtube_url&quot;:&quot;https:\\\/\\\/www.youtube.com\\\/watch?v=eLP2GFrGwNs&quot;,&quot;_animation&quot;:&quot;fadeInRight&quot;,&quot;video_type&quot;:&quot;youtube&quot;,&quot;controls&quot;:&quot;yes&quot;}\" data-widget_type=\"video.default\">\n\t\t\t\t<div class=\"elementor-widget-container\">\n\t\t\t\t\t\t\t<div class=\"elementor-wrapper elementor-open-inline\">\n\t\t\t<div class=\"elementor-video\"><\/div>\t\t<\/div>\n\t\t\t\t\t\t<\/div>\n\t\t\t\t<\/div>\n\t\t\t\t<div class=\"elementor-element elementor-element-5c1b390 elementor-widget__width-initial elementor-invisible elementor-widget elementor-widget-video\" data-id=\"5c1b390\" data-element_type=\"widget\" data-settings=\"{&quot;youtube_url&quot;:&quot;https:\\\/\\\/www.youtube.com\\\/watch?v=8kjCkqjq1bc&quot;,&quot;_animation&quot;:&quot;fadeInUp&quot;,&quot;_animation_delay&quot;:500,&quot;video_type&quot;:&quot;youtube&quot;,&quot;controls&quot;:&quot;yes&quot;}\" data-widget_type=\"video.default\">\n\t\t\t\t<div class=\"elementor-widget-container\">\n\t\t\t\t\t\t\t<div class=\"elementor-wrapper elementor-open-inline\">\n\t\t\t<div class=\"elementor-video\"><\/div>\t\t<\/div>\n\t\t\t\t\t\t<\/div>\n\t\t\t\t<\/div>\n\t\t\t\t<\/div>\n\t\t\t\t\t<\/div>\n\t\t\t\t<\/div>\n\t\t<div class=\"elementor-element elementor-element-c726eb5 e-flex e-con-boxed e-con e-parent\" data-id=\"c726eb5\" data-element_type=\"container\" data-settings=\"{&quot;background_background&quot;:&quot;classic&quot;}\">\n\t\t\t\t\t<div class=\"e-con-inner\">\n\t\t<div class=\"elementor-element elementor-element-d15caa3 e-con-full e-flex e-con e-child\" data-id=\"d15caa3\" data-element_type=\"container\">\n\t\t\t\t<div class=\"elementor-element elementor-element-136324c elementor-invisible elementor-widget elementor-widget-image\" data-id=\"136324c\" data-element_type=\"widget\" data-settings=\"{&quot;_animation&quot;:&quot;fadeInLeft&quot;}\" data-widget_type=\"image.default\">\n\t\t\t\t<div class=\"elementor-widget-container\">\n\t\t\t\t\t\t\t\t\t\t\t\t\t\t\t<img loading=\"lazy\" decoding=\"async\" width=\"640\" height=\"427\" src=\"http:\/\/union-trade.hu\/wp-content\/uploads\/2025\/07\/image-asset-2-1-1024x683.jpeg\" class=\"attachment-large size-large wp-image-2542\" alt=\"\" srcset=\"http:\/\/union-trade.hu\/wp-content\/uploads\/2025\/07\/image-asset-2-1-1024x683.jpeg 1024w, http:\/\/union-trade.hu\/wp-content\/uploads\/2025\/07\/image-asset-2-1-300x200.jpeg 300w, http:\/\/union-trade.hu\/wp-content\/uploads\/2025\/07\/image-asset-2-1-768x512.jpeg 768w, http:\/\/union-trade.hu\/wp-content\/uploads\/2025\/07\/image-asset-2-1.jpeg 1500w\" sizes=\"(max-width: 640px) 100vw, 640px\" \/>\t\t\t\t\t\t\t\t\t\t\t\t\t\t\t<\/div>\n\t\t\t\t<\/div>\n\t\t\t\t<div class=\"elementor-element elementor-element-4303b51 elementor-invisible elementor-widget elementor-widget-image\" data-id=\"4303b51\" data-element_type=\"widget\" data-settings=\"{&quot;_animation&quot;:&quot;fadeInUp&quot;,&quot;_animation_delay&quot;:500}\" data-widget_type=\"image.default\">\n\t\t\t\t<div class=\"elementor-widget-container\">\n\t\t\t\t\t\t\t\t\t\t\t\t\t\t\t<img loading=\"lazy\" decoding=\"async\" width=\"640\" height=\"427\" src=\"http:\/\/union-trade.hu\/wp-content\/uploads\/2025\/07\/image-asset-3-1-1024x683.jpeg\" class=\"attachment-large size-large wp-image-2543\" alt=\"\" srcset=\"http:\/\/union-trade.hu\/wp-content\/uploads\/2025\/07\/image-asset-3-1-1024x683.jpeg 1024w, http:\/\/union-trade.hu\/wp-content\/uploads\/2025\/07\/image-asset-3-1-300x200.jpeg 300w, http:\/\/union-trade.hu\/wp-content\/uploads\/2025\/07\/image-asset-3-1-768x512.jpeg 768w, http:\/\/union-trade.hu\/wp-content\/uploads\/2025\/07\/image-asset-3-1.jpeg 1500w\" sizes=\"(max-width: 640px) 100vw, 640px\" \/>\t\t\t\t\t\t\t\t\t\t\t\t\t\t\t<\/div>\n\t\t\t\t<\/div>\n\t\t\t\t<\/div>\n\t\t<div class=\"elementor-element elementor-element-4701202 e-con-full e-flex e-con e-child\" data-id=\"4701202\" data-element_type=\"container\">\n\t\t\t\t<div class=\"elementor-element elementor-element-e9cd7a3 elementor-widget elementor-widget-section_heading elh-el section_heading\" data-id=\"e9cd7a3\" data-element_type=\"widget\" data-settings=\"{&quot;design_style&quot;:&quot;style_1&quot;}\" data-widget_type=\"section_heading.default\">\n\t\t\t\t<div class=\"elementor-widget-container\">\n\t\t\t\t\t<div class=\"sec-title tx-sectionHeading\">\r\n    <div class=\"tx-suibTitle-wrapper\">\r\n                        <div class=\"sec-title_title home-5-subtitle  tx-subTitle tx-split-text split-in-right\">\r\n                    <\/div>\r\n            <\/div>\r\n    <h2 class=\"sec-title_heading home-5-title tx-title tx-split-text split-in-right\"><\/h2>\r\n        <p class=\"sec-title_text\">\r\n        Die Variation der verwendeten Materialien ist \u00fcber die Produktionstechnologie hinaus ebenfalls sehr breit. Wie bereits erw\u00e4hnt, geh\u00f6ren dazu Leder, Zellulose, Vlies, recyceltes Papier \u2013 und die Liste ist damit noch nicht vollst\u00e4ndig.\n\nBesonders hervorheben m\u00f6chten wir die Stahlgelenkfeder, die der Stabilisierung der Ferse sowie der Unterst\u00fctzung des Fu\u00dfgew\u00f6lbes dient. Nur wenige wissen, dass dieses Stahlelement der Grund daf\u00fcr ist, weshalb wir bei der Sicherheitskontrolle am Flughafen die Schuhe ausziehen m\u00fcssen.\n<br><br>\nDie Herstellung der Brandsohle beginnt im Zuschnitt und setzt sich \u2013 je nach Art der Brandsohle \u2013 mit dem Verkleben der verschiedenen Schichten, dem Ausfr\u00e4sen der Stelle f\u00fcr die Stahlgelenkfeder und deren Vernieten fort. Danach folgen das Pressen, das Formen sowie das Fr\u00e4sen der Kanten der Brandsohle \u2013 und damit ist sie fertiggestellt.\n\nDie obige Beschreibung stellt jedoch nur eine sehr grobe Darstellung all dessen dar, was im Verlauf der Produktion tats\u00e4chlich durchgef\u00fchrt werden muss.    <\/p>\r\n    <\/div>\t\t\t\t<\/div>\n\t\t\t\t<\/div>\n\t\t\t\t<div class=\"elementor-element elementor-element-d96abf6 elementor-absolute elementor-widget elementor-widget-image\" data-id=\"d96abf6\" data-element_type=\"widget\" data-settings=\"{&quot;_position&quot;:&quot;absolute&quot;}\" data-widget_type=\"image.default\">\n\t\t\t\t<div class=\"elementor-widget-container\">\n\t\t\t\t\t\t\t\t\t\t\t\t\t\t\t<img fetchpriority=\"high\" decoding=\"async\" width=\"326\" height=\"806\" src=\"http:\/\/union-trade.hu\/wp-content\/uploads\/2023\/09\/request-one_pattern.webp\" class=\"attachment-large size-large wp-image-389\" alt=\"\" srcset=\"http:\/\/union-trade.hu\/wp-content\/uploads\/2023\/09\/request-one_pattern.webp 326w, http:\/\/union-trade.hu\/wp-content\/uploads\/2023\/09\/request-one_pattern-121x300.webp 121w\" sizes=\"(max-width: 326px) 100vw, 326px\" \/>\t\t\t\t\t\t\t\t\t\t\t\t\t\t\t<\/div>\n\t\t\t\t<\/div>\n\t\t\t\t<\/div>\n\t\t\t\t\t<\/div>\n\t\t\t\t<\/div>\n\t\t<div class=\"elementor-element elementor-element-42a0292 e-flex e-con-boxed e-con e-parent\" data-id=\"42a0292\" data-element_type=\"container\" data-settings=\"{&quot;background_background&quot;:&quot;classic&quot;}\">\n\t\t\t\t\t<div class=\"e-con-inner\">\n\t\t<div class=\"elementor-element elementor-element-2e19ddd e-con-full e-flex e-con e-child\" data-id=\"2e19ddd\" data-element_type=\"container\">\n\t\t\t\t<div class=\"elementor-element elementor-element-8053950 elementor-widget elementor-widget-section_heading elh-el section_heading\" data-id=\"8053950\" data-element_type=\"widget\" data-settings=\"{&quot;design_style&quot;:&quot;style_1&quot;}\" data-widget_type=\"section_heading.default\">\n\t\t\t\t<div class=\"elementor-widget-container\">\n\t\t\t\t\t<div class=\"sec-title tx-sectionHeading\">\r\n    <div class=\"tx-suibTitle-wrapper\">\r\n                        <div class=\"sec-title_title home-5-subtitle  tx-subTitle tx-split-text split-in-right\">\r\n                    <\/div>\r\n            <\/div>\r\n    <h2 class=\"sec-title_heading home-5-title tx-title tx-split-text split-in-right\">Thermoplastische Vorderkappen- und Hinterkappenverst\u00e4rkung<\/h2>\r\n        <p class=\"sec-title_text\">\r\n        Wir verwenden eine sehr breite Palette von thermoplastischen Vorderkappen- und Hinterkappenmaterialien, die wir konfektionieren.\n<br><br>\nDie thermoplastischen Vorderkappen verleihen dem Schuh durch ihre Funktion Form und Halt an der Spitze. Sie bestehen in der Regel aus d\u00fcnnen, weichen Materialien \u2013 selbstverst\u00e4ndlich gibt es auch hier Ausnahmen, man denke nur an Berg- oder Sicherheitsschuhe.\n<br><br>\nDie Funktion der thermoplastischen Hinterkappen entspricht der der LEFA-Hinterkappen, daher formen wir sie auf Wunsch des Kunden auch vor.\n<br><br>\nDer Einsatz thermoplastischer Materialien ist in der Schuhbranche heute bereits weit verbreitet, doch gibt es nach wie vor Gegner, die eher an Hinterkappen aus nat\u00fcrlichen Materialien glauben.    <\/p>\r\n    <\/div>\t\t\t\t<\/div>\n\t\t\t\t<\/div>\n\t\t\t\t<\/div>\n\t\t<div class=\"elementor-element elementor-element-3a3dd6e e-con-full e-flex e-con e-child\" data-id=\"3a3dd6e\" data-element_type=\"container\">\n\t\t\t\t<div class=\"elementor-element elementor-element-c4efa82 elementor-invisible elementor-widget elementor-widget-image\" data-id=\"c4efa82\" data-element_type=\"widget\" data-settings=\"{&quot;_animation&quot;:&quot;fadeInRight&quot;,&quot;_animation_delay&quot;:500}\" data-widget_type=\"image.default\">\n\t\t\t\t<div class=\"elementor-widget-container\">\n\t\t\t\t\t\t\t\t\t\t\t\t\t\t\t<img loading=\"lazy\" decoding=\"async\" width=\"640\" height=\"427\" src=\"http:\/\/union-trade.hu\/wp-content\/uploads\/2025\/07\/image-asset-4_optimized.jpeg\" class=\"attachment-large size-large wp-image-2359\" alt=\"\" srcset=\"http:\/\/union-trade.hu\/wp-content\/uploads\/2025\/07\/image-asset-4_optimized.jpeg 750w, http:\/\/union-trade.hu\/wp-content\/uploads\/2025\/07\/image-asset-4_optimized-300x200.jpeg 300w, http:\/\/union-trade.hu\/wp-content\/uploads\/2025\/07\/image-asset-4_optimized-600x400.jpeg 600w\" sizes=\"(max-width: 640px) 100vw, 640px\" \/>\t\t\t\t\t\t\t\t\t\t\t\t\t\t\t<\/div>\n\t\t\t\t<\/div>\n\t\t\t\t<div class=\"elementor-element elementor-element-4c8af46 elementor-invisible elementor-widget elementor-widget-image\" data-id=\"4c8af46\" data-element_type=\"widget\" data-settings=\"{&quot;_animation&quot;:&quot;fadeInUp&quot;,&quot;_animation_delay&quot;:500}\" data-widget_type=\"image.default\">\n\t\t\t\t<div class=\"elementor-widget-container\">\n\t\t\t\t\t\t\t\t\t\t\t\t\t\t\t<img loading=\"lazy\" decoding=\"async\" width=\"640\" height=\"427\" src=\"http:\/\/union-trade.hu\/wp-content\/uploads\/2025\/07\/image-asset-18-1024x683.jpeg\" class=\"attachment-large size-large wp-image-2425\" alt=\"\" srcset=\"http:\/\/union-trade.hu\/wp-content\/uploads\/2025\/07\/image-asset-18-1024x683.jpeg 1024w, http:\/\/union-trade.hu\/wp-content\/uploads\/2025\/07\/image-asset-18-300x200.jpeg 300w, http:\/\/union-trade.hu\/wp-content\/uploads\/2025\/07\/image-asset-18-768x512.jpeg 768w, http:\/\/union-trade.hu\/wp-content\/uploads\/2025\/07\/image-asset-18-600x400.jpeg 600w, http:\/\/union-trade.hu\/wp-content\/uploads\/2025\/07\/image-asset-18.jpeg 1500w\" sizes=\"(max-width: 640px) 100vw, 640px\" \/>\t\t\t\t\t\t\t\t\t\t\t\t\t\t\t<\/div>\n\t\t\t\t<\/div>\n\t\t\t\t<\/div>\n\t\t\t\t\t<\/div>\n\t\t\t\t<\/div>\n\t\t<div class=\"elementor-element elementor-element-7b31d7e e-flex e-con-boxed e-con e-parent\" data-id=\"7b31d7e\" data-element_type=\"container\">\n\t\t\t\t\t<div class=\"e-con-inner\">\n\t\t\t\t<div class=\"elementor-element elementor-element-da975f2 elementor-widget elementor-widget-section_heading elh-el section_heading\" data-id=\"da975f2\" data-element_type=\"widget\" data-settings=\"{&quot;design_style&quot;:&quot;style_1&quot;}\" data-widget_type=\"section_heading.default\">\n\t\t\t\t<div class=\"elementor-widget-container\">\n\t\t\t\t\t<div class=\"sec-title tx-sectionHeading\">\r\n    <div class=\"tx-suibTitle-wrapper\">\r\n                        <div class=\"sec-title_title home-5-subtitle  tx-subTitle tx-split-text split-in-right\">\r\n                    <\/div>\r\n            <\/div>\r\n    <h2 class=\"sec-title_heading home-5-title tx-title tx-split-text split-in-right\">Weitere<\/h2>\r\n        <p class=\"sec-title_text\">\r\n        Wir betrachten uns als Partner unserer Kunden und bem\u00fchen uns dementsprechend, weitere T\u00e4tigkeiten in der Produktionsvorbereitung zu \u00fcbernehmen \u2013 wie etwa das Beschichten von Brandsohlen, das Konfektionieren und Beschichten von Fu\u00dfbetten usw.\n<br><br>\nVielleicht geh\u00f6rt es nicht unmittelbar hierher, doch sollte irgendwo besonders hervorgehoben werden, dass wir im Hinblick auf die zunehmend umweltbewussten Anforderungen unserer Partner immer mehr Materialien einsetzen \u2013 wie etwa chromfreie LEFA-Hinterkappen oder thermoplastische Materialien, die in der Natur abbaubar sind.    <\/p>\r\n    <\/div>\t\t\t\t<\/div>\n\t\t\t\t<\/div>\n\t\t\t\t\t<\/div>\n\t\t\t\t<\/div>\n\t\t\t\t<\/div>","protected":false},"excerpt":{"rendered":"<p>Cip\u0151kell\u00e9kek \u00dczem\u00fcnkben gy\u00e1rtott cip\u0151kell\u00e9kek adj\u00e1k meg a cip\u0151 form\u00e1j\u00e1t, tart\u00e1s\u00e1t,stabilit\u00e1s\u00e1t \u00e9s komfortj\u00e1t. Ezen term\u00e9kek a talpb\u00e9l\u00e9s, a lefa k\u00e9reg \u00e9s a thermoplasztikus orrmerev\u00edt\u0151 \u00e9s k\u00e9reg. Lefa k\u00e9reg K\u00e9reg majdnem minden z\u00e1rt cip\u0151ben megtal\u00e1lhat\u00f3. Funkci\u00f3ja a l\u00e1b oldalir\u00e1ny\u00fa mozg\u00e1s\u00e1nak megakad\u00e1lyoz\u00e1sa, a sarokcsont helyes \u00e1ll\u00e1s\u00e1nak el\u0151seg\u00edt\u00e9se, valamint a sarok v\u00e9delme esetleges k\u00fcls\u0151 behat\u00e1sokt\u00f3l. Tov\u00e1bb\u00e1 cip\u0151 h\u00e1ts\u00f3 r\u00e9sz\u00e9nek [&hellip;]<\/p>","protected":false},"author":1,"featured_media":0,"parent":0,"menu_order":0,"comment_status":"closed","ping_status":"closed","template":"elementor_header_footer","meta":{"inline_featured_image":false,"footnotes":""},"class_list":["post-2538","page","type-page","status-publish","hentry"],"_links":{"self":[{"href":"https:\/\/union-trade.hu\/de\/wp-json\/wp\/v2\/pages\/2538","targetHints":{"allow":["GET"]}}],"collection":[{"href":"https:\/\/union-trade.hu\/de\/wp-json\/wp\/v2\/pages"}],"about":[{"href":"https:\/\/union-trade.hu\/de\/wp-json\/wp\/v2\/types\/page"}],"author":[{"embeddable":true,"href":"https:\/\/union-trade.hu\/de\/wp-json\/wp\/v2\/users\/1"}],"replies":[{"embeddable":true,"href":"https:\/\/union-trade.hu\/de\/wp-json\/wp\/v2\/comments?post=2538"}],"version-history":[{"count":10,"href":"https:\/\/union-trade.hu\/de\/wp-json\/wp\/v2\/pages\/2538\/revisions"}],"predecessor-version":[{"id":2552,"href":"https:\/\/union-trade.hu\/de\/wp-json\/wp\/v2\/pages\/2538\/revisions\/2552"}],"wp:attachment":[{"href":"https:\/\/union-trade.hu\/de\/wp-json\/wp\/v2\/media?parent=2538"}],"curies":[{"name":"wp","href":"https:\/\/api.w.org\/{rel}","templated":true}]}}