{"id":2616,"date":"2025-09-05T08:09:24","date_gmt":"2025-09-05T08:09:24","guid":{"rendered":"https:\/\/union-trade.hu\/?page_id=2616"},"modified":"2025-09-05T08:32:04","modified_gmt":"2025-09-05T08:32:04","slug":"technologiai-fejlesztes-megvalositasa","status":"publish","type":"page","link":"https:\/\/union-trade.hu\/de\/technologiai-fejlesztes-megvalositasa\/","title":{"rendered":"Umsetzung technologischer Entwicklung"},"content":{"rendered":"<div data-elementor-type=\"wp-page\" data-elementor-id=\"2616\" class=\"elementor elementor-2616\">\n\t\t\t\t<div class=\"elementor-element elementor-element-95b4a8f e-flex e-con-boxed e-con e-parent\" data-id=\"95b4a8f\" data-element_type=\"container\">\n\t\t\t\t\t<div class=\"e-con-inner\">\n\t\t\t\t<div class=\"elementor-element elementor-element-2c751c8 elementor-widget elementor-widget-heading\" data-id=\"2c751c8\" data-element_type=\"widget\" data-widget_type=\"heading.default\">\n\t\t\t\t<div class=\"elementor-widget-container\">\n\t\t\t\t\t<h2 class=\"elementor-heading-title elementor-size-default\">Umsetzung einer innovativen, wertsch\u00f6pfungssteigernden technologischen Entwicklung bei der SZ\u00c9KELYI GmbH.<\/h2>\t\t\t\t<\/div>\n\t\t\t\t<\/div>\n\t\t\t\t<div class=\"elementor-element elementor-element-8fbc47c elementor-widget elementor-widget-html\" data-id=\"8fbc47c\" data-element_type=\"widget\" data-widget_type=\"html.default\">\n\t\t\t\t<div class=\"elementor-widget-container\">\n\t\t\t\t\t<table class=\"project-table\">\n  <tr>\n    <th>Name des Beg\u00fcnstigten<\/th>\n    <td>SZ\u00c9KELYI Cip\u0151kell\u00e9kgy\u00e1rt\u00f3 Korl\u00e1tolt Felel\u0151ss\u00e9g\u0171 T\u00e1rsas\u00e1g<\/td>\n  <\/tr>\n  <tr>\n    <th>Projekttitel<\/th>\n    <td>Umsetzung einer innovativen, wertsch\u00f6pfungssteigernden technologischen Entwicklung bei der SZ\u00c9KELYI GmbH.<\/td>\n  <\/tr>\n  <tr>\n    <th>Vertraglich zugesicherte F\u00f6rderh\u00f6he<\/th>\n    <td>59.899.445 Ft<\/td>\n  <\/tr>\n  <tr>\n    <th>Die F\u00f6rderintensit\u00e4t<\/th>\n    <td>100%<\/td>\n  <\/tr>\n  <tr>\n    <th>Projektinhalt<\/th>\n    <td>\n      Die SZ\u00c9KELYI GmbH hat im Rahmen des Wirtschafts\u00adentwicklungs- und Innovations\u00adoperativen Programms einen nicht r\u00fcckzahlbaren Zuschuss in H\u00f6he von 59.899.445 HUF erhalten.\nDas Projekt mit einer F\u00f6rderintensit\u00e4t von 100 % hat Gesamtkosten von 59,89 Millionen Forint, aus denen das Unternehmen durch technologische Innovation die Erweiterung seiner Produktionskapazit\u00e4ten sowie die Herstellung neuer Produktvarianten realisiert.  \n      <br><br>\n      Die SZ\u00c9KELYI Schuhzubeh\u00f6rhersteller GmbH wurde 1994 zur Produktion von Schuhindustrie-Zubeh\u00f6r gegr\u00fcndet. Ihr Sitz und Betriebsstandort befinden sich beide in Sz\u00e9kely.\nDie SZ\u00c9KELYI GmbH ist als Zulieferer, also als Hersteller von Komponenten, t\u00e4tig. Ihre Kunden sind Schuhhersteller, die die von ihr produzierten Teile in ihre Schuhe einbauen. Die Produktion und der Vertrieb erfolgen in drei Hauptproduktgruppen: Einlegesohlen, Hinterkappen sowie thermoplastische Vorder- und Hinterkappenverst\u00e4rkungen.  \n      <br><br>\n      Die Produktion des Unternehmens w\u00e4chst kontinuierlich, doch zur Sicherung der Zukunft muss die Zahl der abnehmenden Schuhfabriken erh\u00f6ht werden. Dazu ist es erforderlich, eine h\u00f6here Qualit\u00e4t zu erzeugen sowie neue Produkte herzustellen, die \u00fcber das bisherige Sortiment hinausgehen.\nDie Kunden der SZ\u00c9KELYI GmbH sind in erster Linie deutsche und \u00f6sterreichische Unternehmen. F\u00fcr diese Firmen erfolgt die Zulieferert\u00e4tigkeit in einem scharfen Wettbewerbsumfeld, das ein st\u00e4ndiges Mithalten mit deutschen, italienischen und \u00f6sterreichischen Unternehmen verlangt. Der Schl\u00fcssel dazu liegt in kontinuierlicher Weiterentwicklung sowie im Aufbau einer Produktionskapazit\u00e4t, die in Volumen, Qualit\u00e4t und Kosteneffizienz den Marktanforderungen entspricht.  \n      <br><br>\n      Im Rahmen dieses Projekts wird die technologische Innovation in der Schuhzubeh\u00f6rproduktion umgesetzt, um sich den Marktbedingungen anzupassen.\nDurch die Entwicklung wird zum einen die Qualit\u00e4t und Effizienz der Herstellung von Einlegesohlen und (Lederfaser-) Hinterkappen verbessert. Zum anderen erm\u00f6glicht die einzuf\u00fchrende Technologie auch die Produktion neuer Produkte.  \n      <br><br>\n      <strong>Im Rahmen des Projekts durchzuf\u00fchrende T\u00e4tigkeiten:<\/strong><br>\n      I. Anschaffung neuer Ger\u00e4te und Maschinen, Aufbau neuer technologischer Systeme und Kapazit\u00e4ten:\nIm Rahmen dessen erfolgt die Beschaffung der folgenden Ger\u00e4te:\n      <ul>\n        <li>1 Stk. Moulding Machine for Thermoplastic Counters Mod. A\/3E = A\/3E \u2013 eine weiterentwickelte Ausf\u00fchrung der Kappenformmaschine, erg\u00e4nzt mit B\u00fcgelvorrichtung (Slider).<\/li>\n        <li>2 Stk. Eyeletting Machine for Footwear Typ M11CC-E = M11CC-E \u2013 Schuhindustrie-\u00d6senpressen.<\/li>\n      <\/ul>\n      II. Inanspruchnahme der Lohnkostenzusch\u00fcsse:\nDer Lohnkostenzuschuss betrifft die w\u00e4hrend der Projektlaufzeit anfallenden Personalkosten der Mitarbeiter des Unternehmens.  \n      <br><br>\n      <strong>Die entstehenden Ergebnisse:<\/strong><br>\n      Bei den Hinterkappen kann durch den Einsatz des Eintauchverfahrens in der automatischen Anlage \u2013 anstelle des bisherigen manuellen Eintauchens und des gelegentlich erforderlichen Nachpressens \u2013 eine maximale Auslastung von 500.000 Paaren erreicht werden.\nIm Bereich der Einlegesohlen l\u00e4sst sich eine Kapazit\u00e4tssteigerung der Auslastung um 20 % erzielen.\nBei den Thermoprodukten erscheint ein neues Produkt auf dem Markt: ein vollst\u00e4ndig vorgeformtes (leistengetreues) Erzeugnis, \u00e4hnlich den lederfaserbasierten Hinterkappen, das die Wettbewerbsf\u00e4higkeit des Unternehmens erheblich steigert.\n    <\/td>\n  <\/tr>\n  <tr>\n    <th>Projektabschlussdatum<\/th>\n    <td>2023.09.30.<\/td>\n  <\/tr>\n  <tr>\n    <th>Projektreferenznummer<\/th>\n    <td>GINOP-1.2.9-20-2021-00126<\/td>\n  <\/tr>\n<\/table>\n\n<style>\n  \/* Csak a t\u00e1bl\u00e1zatra vonatkoz\u00f3 st\u00edlus *\/\n  .project-table {\n    width: 100%;\n    border-collapse: separate;\n    border-spacing: 0;\n    font-family: \"Lora\", serif;\n    line-height: 1.6;\n    color: #333;\n  }\n\n  .project-table th,\n  .project-table td {\n    padding: 16px 20px;\n    text-align: left;\n    vertical-align: top;\n    border-bottom: 1px solid #eaeaea;\n  }\n\n  .project-table th {\n    background-color: #f0ede7;\n    font-weight: 600;\n    width: 25%;\n    color: #444;\n  }\n\n  .project-table tr:last-child td,\n  .project-table tr:last-child th {\n    border-bottom: none;\n  }\n\n  ul {\n    margin: 6px 0;\n    padding-left: 20px;\n  }\n\n  \/* Mobil n\u00e9zet *\/\n  @media (max-width: 700px) {\n    .project-table, .project-table tbody, .project-table tr, .project-table th, .project-table td {\n      display: block;\n      width: 100%;\n    }\n    .project-table th {\n      background-color: #f5f5f0;\n      margin-top: 16px;\n    }\n    .project-table td {\n      margin-bottom: 16px;\n    }\n  }\n<\/style>\t\t\t\t<\/div>\n\t\t\t\t<\/div>\n\t\t\t\t\t<\/div>\n\t\t\t\t<\/div>\n\t\t\t\t<\/div>","protected":false},"excerpt":{"rendered":"<p>Innovat\u00edv, hozz\u00e1adott \u00e9rt\u00e9k n\u00f6vel\u0151 technol\u00f3giai fejleszt\u00e9s megval\u00f3s\u00edt\u00e1sa a SZ\u00c9KELYI Kft.-n\u00e9l Kedvezm\u00e9nyezett neve SZ\u00c9KELYI Cip\u0151kell\u00e9kgy\u00e1rt\u00f3 Korl\u00e1tolt Felel\u0151ss\u00e9g\u0171 T\u00e1rsas\u00e1g Projekt c\u00edme Innovat\u00edv, hozz\u00e1adott \u00e9rt\u00e9k n\u00f6vel\u0151 technol\u00f3giai fejleszt\u00e9s megval\u00f3s\u00edt\u00e1sa a SZ\u00c9KELYI Kft.-n\u00e9l Szerz\u0151d\u00f6tt t\u00e1mogat\u00e1s \u00f6sszege 59.899.445 Ft A t\u00e1mogat\u00e1s m\u00e9rt\u00e9ke 100% A projekt tartalma A SZ\u00c9KELYI Kft. 59.899.445 Ft vissza nem t\u00e9r\u00edtend\u0151 t\u00e1mogat\u00e1st nyert el a Gazdas\u00e1gfejleszt\u00e9si \u00e9s [&hellip;]<\/p>","protected":false},"author":1,"featured_media":0,"parent":0,"menu_order":0,"comment_status":"closed","ping_status":"closed","template":"elementor_header_footer","meta":{"inline_featured_image":false,"footnotes":""},"class_list":["post-2616","page","type-page","status-publish","hentry"],"_links":{"self":[{"href":"https:\/\/union-trade.hu\/de\/wp-json\/wp\/v2\/pages\/2616","targetHints":{"allow":["GET"]}}],"collection":[{"href":"https:\/\/union-trade.hu\/de\/wp-json\/wp\/v2\/pages"}],"about":[{"href":"https:\/\/union-trade.hu\/de\/wp-json\/wp\/v2\/types\/page"}],"author":[{"embeddable":true,"href":"https:\/\/union-trade.hu\/de\/wp-json\/wp\/v2\/users\/1"}],"replies":[{"embeddable":true,"href":"https:\/\/union-trade.hu\/de\/wp-json\/wp\/v2\/comments?post=2616"}],"version-history":[{"count":5,"href":"https:\/\/union-trade.hu\/de\/wp-json\/wp\/v2\/pages\/2616\/revisions"}],"predecessor-version":[{"id":2622,"href":"https:\/\/union-trade.hu\/de\/wp-json\/wp\/v2\/pages\/2616\/revisions\/2622"}],"wp:attachment":[{"href":"https:\/\/union-trade.hu\/de\/wp-json\/wp\/v2\/media?parent=2616"}],"curies":[{"name":"wp","href":"https:\/\/api.w.org\/{rel}","templated":true}]}}