{"id":70,"date":"2023-09-16T17:09:23","date_gmt":"2023-09-16T17:09:23","guid":{"rendered":"https:\/\/themexriver.com\/wp\/trakirna-wp\/?page_id=70"},"modified":"2025-07-21T21:59:07","modified_gmt":"2025-07-21T21:59:07","slug":"kapcsolat","status":"publish","type":"page","link":"https:\/\/union-trade.hu\/de\/kapcsolat\/","title":{"rendered":"Kontakt"},"content":{"rendered":"<div data-elementor-type=\"wp-page\" data-elementor-id=\"70\" class=\"elementor elementor-70\">\n\t\t\t\t\t\t<section class=\"elementor-section elementor-top-section elementor-element elementor-element-306f146 elementor-section-full_width iframe-100 elementor-section-height-default elementor-section-height-default\" data-id=\"306f146\" data-element_type=\"section\">\n\t\t\t\t\t\t<div class=\"elementor-container elementor-column-gap-no\">\n\t\t\t\t\t<div class=\"elementor-column elementor-col-50 elementor-top-column elementor-element elementor-element-0df6df8\" data-id=\"0df6df8\" data-element_type=\"column\">\n\t\t\t<div class=\"elementor-widget-wrap elementor-element-populated\">\n\t\t\t\t\t\t<div class=\"elementor-element elementor-element-321f44e elementor-widget elementor-widget-google_maps\" data-id=\"321f44e\" data-element_type=\"widget\" data-widget_type=\"google_maps.default\">\n\t\t\t\t<div class=\"elementor-widget-container\">\n\t\t\t\t\t\t\t<div class=\"elementor-custom-embed\">\n\t\t\t<iframe loading=\"lazy\"\n\t\t\t\t\tsrc=\"https:\/\/maps.google.com\/maps?q=M%C3%B3zsi%20Telep%2C%204534%20Sz%C3%A9kely&#038;t=m&#038;z=13&#038;output=embed&#038;iwloc=near\"\n\t\t\t\t\ttitle=\"M\u00f3zsi Telep, 4534 Sz\u00e9kely\"\n\t\t\t\t\taria-label=\"M\u00f3zsi Telep, 4534 Sz\u00e9kely\"\n\t\t\t><\/iframe>\n\t\t<\/div>\n\t\t\t\t\t\t<\/div>\n\t\t\t\t<\/div>\n\t\t\t\t\t<\/div>\n\t\t<\/div>\n\t\t\t\t<div class=\"elementor-column elementor-col-50 elementor-top-column elementor-element elementor-element-fd8ba4d\" data-id=\"fd8ba4d\" data-element_type=\"column\">\n\t\t\t<div class=\"elementor-widget-wrap elementor-element-populated\">\n\t\t\t\t\t\t<section class=\"elementor-section elementor-inner-section elementor-element elementor-element-3ec346c elementor-section-boxed elementor-section-height-default elementor-section-height-default\" data-id=\"3ec346c\" data-element_type=\"section\" data-settings=\"{&quot;background_background&quot;:&quot;classic&quot;}\">\n\t\t\t\t\t\t<div class=\"elementor-container elementor-column-gap-no\">\n\t\t\t\t\t<div class=\"elementor-column elementor-col-33 elementor-inner-column elementor-element elementor-element-5a8eb93\" data-id=\"5a8eb93\" data-element_type=\"column\">\n\t\t\t<div class=\"elementor-widget-wrap\">\n\t\t\t\t\t\t\t<\/div>\n\t\t<\/div>\n\t\t\t\t<div class=\"elementor-column elementor-col-33 elementor-inner-column elementor-element elementor-element-02f9d05\" data-id=\"02f9d05\" data-element_type=\"column\">\n\t\t\t<div class=\"elementor-widget-wrap elementor-element-populated\">\n\t\t\t\t\t\t<div class=\"elementor-element elementor-element-70cd3cf elementor-widget__width-initial elementor-widget elementor-widget-contact_info elh-el contact_info\" data-id=\"70cd3cf\" data-element_type=\"widget\" data-settings=\"{&quot;design_style&quot;:&quot;style_4&quot;}\" data-widget_type=\"contact_info.default\">\n\t\t\t\t<div class=\"elementor-widget-container\">\n\t\t\t\t\t<div class=\"info-block_one tx-listItems\">\r\n    <div class=\"info-block_one-inner\">\r\n                <div class=\"tx-icon info-block_one-icon\">\r\n                            <i aria-hidden=\"true\" class=\"far fa-envelope\"><\/i>                    <\/div>\r\n                <h4 cass=\"tx-label\">E-MAIL-ADRESSE<\/h4>\r\n        <p><a href=\"mailto:iroda@szekelyikft.hu\">iroda@szekelyikft.hu<\/a><\/p>    <\/div>\r\n<\/div>\t\t\t\t<\/div>\n\t\t\t\t<\/div>\n\t\t\t\t<div class=\"elementor-element elementor-element-800e74b elementor-widget__width-initial elementor-widget elementor-widget-contact_info elh-el contact_info\" data-id=\"800e74b\" data-element_type=\"widget\" data-settings=\"{&quot;design_style&quot;:&quot;style_4&quot;}\" data-widget_type=\"contact_info.default\">\n\t\t\t\t<div class=\"elementor-widget-container\">\n\t\t\t\t\t<div class=\"info-block_one tx-listItems active\">\r\n    <div class=\"info-block_one-inner\">\r\n                <div class=\"tx-icon info-block_one-icon\">\r\n                            <i aria-hidden=\"true\" class=\"fas fa-phone\"><\/i>                    <\/div>\r\n                <h4 cass=\"tx-label\">TELEFONNUMMER<\/h4>\r\n        <p><a href=\"tel:+36306284363\">+36 30 628 43 63<\/a><\/p>    <\/div>\r\n<\/div>\t\t\t\t<\/div>\n\t\t\t\t<\/div>\n\t\t\t\t<div class=\"elementor-element elementor-element-2ee41c5 elementor-widget elementor-widget-contact_info elh-el contact_info\" data-id=\"2ee41c5\" data-element_type=\"widget\" data-settings=\"{&quot;design_style&quot;:&quot;style_4&quot;}\" data-widget_type=\"contact_info.default\">\n\t\t\t\t<div class=\"elementor-widget-container\">\n\t\t\t\t\t<div class=\"info-block_one tx-listItems\">\r\n    <div class=\"info-block_one-inner\">\r\n                <div class=\"tx-icon info-block_one-icon\">\r\n                            <i aria-hidden=\"true\" class=\"flaticon-map\"><\/i>                    <\/div>\r\n                <h4 cass=\"tx-label\">BETRIEBSSTANDORT<\/h4>\r\n        <p>M\u00f3zsi Siedlung, 4534 Sz\u00e9kely<\/p>    <\/div>\r\n<\/div>\t\t\t\t<\/div>\n\t\t\t\t<\/div>\n\t\t\t\t\t<\/div>\n\t\t<\/div>\n\t\t\t\t<div class=\"elementor-column elementor-col-33 elementor-inner-column elementor-element elementor-element-70d1632\" data-id=\"70d1632\" data-element_type=\"column\">\n\t\t\t<div class=\"elementor-widget-wrap\">\n\t\t\t\t\t\t\t<\/div>\n\t\t<\/div>\n\t\t\t\t\t<\/div>\n\t\t<\/section>\n\t\t\t\t\t<\/div>\n\t\t<\/div>\n\t\t\t\t\t<\/div>\n\t\t<\/section>\n\t\t\t\t<section class=\"elementor-section elementor-top-section elementor-element elementor-element-0ba9993 elementor-section-boxed elementor-section-height-default elementor-section-height-default\" data-id=\"0ba9993\" data-element_type=\"section\">\n\t\t\t\t\t\t<div class=\"elementor-container elementor-column-gap-default\">\n\t\t\t\t\t<div class=\"elementor-column elementor-col-100 elementor-top-column elementor-element elementor-element-0664346\" data-id=\"0664346\" data-element_type=\"column\">\n\t\t\t<div class=\"elementor-widget-wrap elementor-element-populated\">\n\t\t\t\t\t\t<section class=\"elementor-section elementor-inner-section elementor-element elementor-element-aacc096 elementor-section-full_width elementor-section-height-default elementor-section-height-default\" data-id=\"aacc096\" data-element_type=\"section\" data-settings=\"{&quot;background_background&quot;:&quot;classic&quot;}\">\n\t\t\t\t\t\t<div class=\"elementor-container elementor-column-gap-default\">\n\t\t\t\t\t<div class=\"elementor-column elementor-col-100 elementor-inner-column elementor-element elementor-element-10f7aae\" data-id=\"10f7aae\" data-element_type=\"column\">\n\t\t\t<div class=\"elementor-widget-wrap elementor-element-populated\">\n\t\t\t\t\t\t<div class=\"elementor-element elementor-element-f86da28 elementor-widget elementor-widget-heading\" data-id=\"f86da28\" data-element_type=\"widget\" data-widget_type=\"heading.default\">\n\t\t\t\t<div class=\"elementor-widget-container\">\n\t\t\t\t\t<h2 class=\"elementor-heading-title elementor-size-default\">Schreib uns!<\/h2>\t\t\t\t<\/div>\n\t\t\t\t<\/div>\n\t\t\t\t<div class=\"elementor-element elementor-element-100fd52 elementor-widget elementor-widget-shortcode\" data-id=\"100fd52\" data-element_type=\"widget\" data-widget_type=\"shortcode.default\">\n\t\t\t\t<div class=\"elementor-widget-container\">\n\t\t\t\t\t\t\t<div class=\"elementor-shortcode\">\n<div class=\"wpcf7 no-js\" id=\"wpcf7-f1420-o1\" lang=\"en-US\" dir=\"ltr\" data-wpcf7-id=\"1420\">\n<div class=\"screen-reader-response\"><p role=\"status\" aria-live=\"polite\" aria-atomic=\"true\"><\/p> <ul><\/ul><\/div>\n<form action=\"\/de\/wp-json\/wp\/v2\/pages\/70#wpcf7-f1420-o1\" method=\"post\" class=\"wpcf7-form init\" aria-label=\"Contact form\" novalidate=\"novalidate\" data-status=\"init\" data-trp-original-action=\"\/de\/wp-json\/wp\/v2\/pages\/70#wpcf7-f1420-o1\">\n<fieldset class=\"hidden-fields-container\"><input type=\"hidden\" name=\"_wpcf7\" value=\"1420\" \/><input type=\"hidden\" name=\"_wpcf7_version\" value=\"6.1.1\" \/><input type=\"hidden\" name=\"_wpcf7_locale\" value=\"en_US\" \/><input type=\"hidden\" name=\"_wpcf7_unit_tag\" value=\"wpcf7-f1420-o1\" \/><input type=\"hidden\" name=\"_wpcf7_container_post\" value=\"0\" \/><input type=\"hidden\" name=\"_wpcf7_posted_data_hash\" value=\"\" \/>\n<\/fieldset>\n<div class=\"default-form contact-form\"><div class=\"row clearfix\">\n\n\t\t\t\t\t\t\t<div class=\"col-lg-6 col-md-6 col-sm-12 form-group\">\n\t\t\t\t\t\t\t\t<span class=\"wpcf7-form-control-wrap\" data-name=\"text-523\"><input size=\"40\" maxlength=\"400\" class=\"wpcf7-form-control wpcf7-text wpcf7-validates-as-required\" aria-required=\"true\" aria-invalid=\"false\" placeholder=\"Name\" value=\"\" type=\"text\" name=\"text-523\" \/><\/span>\n\t\t\t\t\t\t\t<\/div>\n\n\t\t\t\t\t\t\t<div class=\"col-lg-6 col-md-6 col-sm-12 form-group\">\n\t\t\t\t\t\t\t\t<span class=\"wpcf7-form-control-wrap\" data-name=\"tel-438\"><input size=\"40\" maxlength=\"400\" class=\"wpcf7-form-control wpcf7-tel wpcf7-validates-as-required wpcf7-text wpcf7-validates-as-tel\" aria-required=\"true\" aria-invalid=\"false\" placeholder=\"Telefonnummer\" value=\"\" type=\"tel\" name=\"tel-438\" \/><\/span>\n\t\t\t\t\t\t\t<\/div>\n\n\t\t\t\t\t\t\t<div class=\"col-lg-6 col-md-6 col-sm-12 form-group\">\n\t\t\t\t\t\t\t\t<span class=\"wpcf7-form-control-wrap\" data-name=\"email-255\"><input size=\"40\" maxlength=\"400\" class=\"wpcf7-form-control wpcf7-email wpcf7-validates-as-required wpcf7-text wpcf7-validates-as-email\" aria-required=\"true\" aria-invalid=\"false\" placeholder=\"Email\" value=\"\" type=\"email\" name=\"email-255\" \/><\/span>\n\t\t\t\t\t\t\t<\/div>\n\n\t\t\t\t\t\t\t<div class=\"col-lg-6 col-md-6 col-sm-12 form-group\">\n\t\t\t\t\t\t\t\t<span class=\"wpcf7-form-control-wrap\" data-name=\"text-15\"><input size=\"40\" maxlength=\"400\" class=\"wpcf7-form-control wpcf7-text\" aria-invalid=\"false\" placeholder=\"Firmenname (optional)\" value=\"\" type=\"text\" name=\"text-15\" \/><\/span>\n\t\t\t\t\t\t\t<\/div>\n<div class=\"col-sm-12 form-group\">\n\t\t\t\t\t\t\t\t<span class=\"wpcf7-form-control-wrap\" data-name=\"textarea-360\"><textarea cols=\"40\" rows=\"10\" maxlength=\"2000\" class=\"wpcf7-form-control wpcf7-textarea wpcf7-validates-as-required\" aria-required=\"true\" aria-invalid=\"false\" placeholder=\"Nachricht hier eingeben\u2026\" name=\"textarea-360\"><\/textarea><\/span>\n\t\t\t\t\t\t\t<\/div>\n\n\t\t\t\t\t\t\t<div class=\"col-lg-12 col-md-12 col-sm-12 form-group text-center\">\n\t\t\t\t\t\t\t\t<button type=\"submit\" class=\"theme-btn btn-style-four\">\n\t\t\t\t\t\t\t\t\t<span class=\"btn-wrap\">\n\t\t\t\t\t\t\t\t\t\t<span class=\"text-one\">Senden<\/span>\n\t\t\t\t\t\t\t\t\t\t<span class=\"text-two\">Senden<\/span>\n\t\t\t\t\t\t\t\t\t<\/span>\n\t\t\t\t\t\t\t\t\t<i class=\"fas fa-arrow-right fa-fw\"><\/i>\n\t\t\t\t\t\t\t\t<\/button>\n\t\t\t\t\t\t\t<\/div>\n\n\t\t\t\t\t\t<\/div><\/div><div class=\"wpcf7-response-output\" aria-hidden=\"true\"><\/div>\n<input type=\"hidden\" name=\"trp-form-language\" value=\"de\"\/><\/form>\n<\/div>\n<\/div>\n\t\t\t\t\t\t<\/div>\n\t\t\t\t<\/div>\n\t\t\t\t\t<\/div>\n\t\t<\/div>\n\t\t\t\t\t<\/div>\n\t\t<\/section>\n\t\t\t\t\t<\/div>\n\t\t<\/div>\n\t\t\t\t\t<\/div>\n\t\t<\/section>\n\t\t\t\t<\/div>","protected":false},"excerpt":{"rendered":"<p>EMAIL C\u00cdM iroda@szekelyikft.hu TELEFONSZ\u00c1M +36 30 628 43 63 TELEPHELY M\u00f3zsi Telep,\u00a04534 Sz\u00e9kely \u00cdrj nek\u00fcnk!<\/p>","protected":false},"author":1,"featured_media":0,"parent":0,"menu_order":0,"comment_status":"closed","ping_status":"closed","template":"elementor_header_footer","meta":{"inline_featured_image":false,"footnotes":""},"class_list":["post-70","page","type-page","status-publish","hentry"],"_links":{"self":[{"href":"https:\/\/union-trade.hu\/de\/wp-json\/wp\/v2\/pages\/70","targetHints":{"allow":["GET"]}}],"collection":[{"href":"https:\/\/union-trade.hu\/de\/wp-json\/wp\/v2\/pages"}],"about":[{"href":"https:\/\/union-trade.hu\/de\/wp-json\/wp\/v2\/types\/page"}],"author":[{"embeddable":true,"href":"https:\/\/union-trade.hu\/de\/wp-json\/wp\/v2\/users\/1"}],"replies":[{"embeddable":true,"href":"https:\/\/union-trade.hu\/de\/wp-json\/wp\/v2\/comments?post=70"}],"version-history":[{"count":4,"href":"https:\/\/union-trade.hu\/de\/wp-json\/wp\/v2\/pages\/70\/revisions"}],"predecessor-version":[{"id":2558,"href":"https:\/\/union-trade.hu\/de\/wp-json\/wp\/v2\/pages\/70\/revisions\/2558"}],"wp:attachment":[{"href":"https:\/\/union-trade.hu\/de\/wp-json\/wp\/v2\/media?parent=70"}],"curies":[{"name":"wp","href":"https:\/\/api.w.org\/{rel}","templated":true}]}}